{"id":48743,"date":"2016-06-25T13:46:02","date_gmt":"2016-06-25T13:46:02","guid":{"rendered":"http:\/\/skip-institut.de\/?page_id=48743"},"modified":"2025-08-05T12:54:14","modified_gmt":"2025-08-05T10:54:14","slug":"impressum","status":"publish","type":"page","link":"http:\/\/skip-institut.de\/en\/impressum","title":{"rendered":"Imprint and articles of association"},"content":{"rendered":"<p><span class=\"font-377884\"><strong>skip. Institute for Applied Digital Visualisation e.V.<\/strong><\/span><\/p>\n<p><span class=\"font-377884\">Postal address:<br \/><\/span><span class=\"font-377884\">skip. Institute for Applied Digital Visualisation e.V.<br \/>an der Hochschule Fresenius<br \/>Im Mediapark 4c<br \/>50670 K\u00f6ln<\/span><\/p>\n<p><span class=\"font-377884\">Tel: +49(0)221 &#8211; 973 199 539<\/span><\/p>\n<p><span class=\"font-377884\"><a href=\"mailto:mail@skip-institut.de\">mail@skip-institut.de<br \/><\/a>www.skip-institut.de<\/span><\/p>\n<p><span class=\"font-377884\">Executive Board of the skip Institute<br \/>Dipl.-Des. Benjamin Seidel<br \/>Chairman<\/span><\/p>\n<p><span class=\"font-377884\">Prof. Dr. Stephan G. Humer<br \/>Vice-Chairman<br \/>(am Standort Berlin)<\/span><\/p>\n<p><span class=\"font-377884\">J\u00f6rn Allert<br \/>Finanzvorstand\/Schatzmeister<br \/><\/span><\/p>\n<p><span class=\"font-377884\">Register entry:<br \/>Cologne Local Court Register of Associations  No. 18929<br \/><\/span><span class=\"font-377884\">Cologne Central Tax Office: Tax no.\n215 587 815 77<br \/>VAT identification number: DE313179247<br \/><\/span><\/p>\n<p><span class=\"font-377884\">Bank account<br \/>Sparkasse K\u00f6lnBonn<br \/>IBAN: DE283 7050 198 19331004 95<br \/>BIC: COLSDE33XXX<\/span><\/p>\n\n\n<h4 class=\"wp-block-heading\">Articles of Association<\/h4>\n\n\n\n<p><strong>skip. Institute for Applied Digital Visualisation e.V. <\/strong><br><strong>Statutes from 12.12.2016:<\/strong><\/p>\n\n\n\n<p><strong>\u00a7 1 Name and Seat of the Association<\/strong><\/p>\n\n\n\n<ol>\n<li>Der<br>Verein tr\u00e4gt den Namen: skip. Institut f\u00fcr angewandte digitale Visualisierung<br>e.V.<\/li>\n\n\n\n<li>Er hat<br>seinen Sitz in K\u00f6ln.<\/li>\n\n\n\n<li>Er<br>wird in das Vereinsregister der Stadt K\u00f6ln eingetragen.<\/li>\n\n\n\n<li>Das<br>Gesch\u00e4ftsjahr ist das Kalenderjahr.<\/li>\n<\/ol>\n\n\n\n<p><strong>\u00a7 2\nPurpose of the Association<\/strong><\/p>\n\n\n\n<ol>\n<li>Der<br>Verein verfolgt ausschlie\u00dflich und unmittelbar gemeinn\u00fctzige Zwecke im Sinne<br>des Abschnitts \u201eSteuerbeg\u00fcnstigte Zwecke\u201c der Abgabenordnung in der jeweils<br>g\u00fcltigen Fassung.<\/li>\n\n\n\n<li>Zweck<br>des Vereins ist die F\u00f6rderung der wissenschaftlichen Grundlagenforschung,<br>aktueller Studien, praxisorientierter Projekte sowie von studentischen und<br>wissenschaftlichen Arbeiten auf dem Gebiet des 3D-Designs, insbesondere der<br>digitalen Visualisierung. Zu diesem Zwecke errichtet und unterh\u00e4lt der Verein<br>als Rechtstr\u00e4ger geeignete Einrichtungen, f\u00fchrt wissenschaftliche Studien,<br>praxisbezogene Projekte und Fortbildungen durch. <\/li>\n\n\n\n<li>Der<br>Verein soll sparsam und zweckm\u00e4\u00dfig wirtschaften und auf der<br>eigenverantwortlichen Mitwirkung und Mitgestaltung der Mitglieder aufbauen. <\/li>\n<\/ol>\n\n\n\n<p><strong>\u00a7\n3 Selflessness<\/strong><\/p>\n\n\n\n<ol>\n<li>Der<br>Verein ist selbstlos t\u00e4tig. Er verfolgt keine eigenwirtschaftlichen Zwecke. <\/li>\n\n\n\n<li>Mittel<br>des Vereins d\u00fcrfen nur f\u00fcr die satzungsm\u00e4\u00dfigen Zwecke verwendet werden. Die<br>Mitglieder erhalten in ihrer Eigenschaft als Mitglieder keine Zuwendungen aus<br>den Mittel des Vereins. <\/li>\n\n\n\n<li>Die<br>Mitglieder erhalten bei ihrem Ausscheiden oder der Aufl\u00f6sung des Vereins keinen<br>Anteil des Vereinsverm\u00f6gens. <\/li>\n\n\n\n<li>Es<br>darf keine Person durch Ausgaben, die dem Zweck des Vereins fremd sind, oder<br>durch unverh\u00e4ltnism\u00e4\u00dfig hohe Verg\u00fctung beg\u00fcnstigt werden. <\/li>\n<\/ol>\n\n\n\n<p><strong>&nbsp;\u00a7 4 Membership<\/strong><\/p>\n\n\n\n<ol>\n<li>Mitglied<br>des Vereins kann jede nat\u00fcrliche oder juristische Person werden, die den<br>Vereinszweck im Sinne des \u00a7 2 zu unterst\u00fctzen bereit und in der Lage ist.<\/li>\n\n\n\n<li>Der<br>Verein besteht aus Ehrenmitgliedern und ordentlichen Mitgliedern<\/li>\n\n\n\n<li>Personen,<br>die im besonderen Ma\u00dfe Verdienste f\u00fcr den Verein erworben haben, k\u00f6nnen durch<br>Beschluss der Mitgliederversammlung zu Ehrenmitgliedern ernannt werden. Die<br>Ehrenmitglieder haben die Rechte der ordentlichen Mitglieder. Sie sind von der<br>Beitragspflicht befreit. <\/li>\n<\/ol>\n\n\n\n<p><strong>\u00a7\n5 Beginning and end of membership<\/strong><\/p>\n\n\n\n<ol>\n<li>The application for admission to the Association shall be submitted in writing to the Executive Committee, which shall decide on the application. <\/li>\n\n\n\n<li>With the confirmation of admission to the Association, the member shall receive a copy of the Association's statutes.<br><br>Membership ends<\/li>\n\n\n\n<li>through withdrawal<\/li>\n\n\n\n<li>by exclusion or<\/li>\n\n\n\n<li>by death (in the case of natural persons) or<\/li>\n\n\n\n<li>by lapsing (in the case of legal entities).<\/li>\n\n\n\n<li>The resignation of a member is only possible at the end of the year. It shall be effected by written declaration to the Executive Board with a notice period of 4 weeks. <br><br>The exclusion takes place:<\/li>\n\n\n\n<li>if the association member is in arrears with the payment of 2 annual membership fees despite a reminder having been sent<\/li>\n\n\n\n<li>if the statutes or the interests of the association are violated to a gross or repeated degree<\/li>\n\n\n\n<li>if there are other serious reasons for violating the discipline of the association. <\/li>\n\n\n\n<li>The Executive Board shall decide on the exclusion, which shall take immediate effect. Prior to the decision of the Executive Board, the member shall be given the opportunity to comment on the allegations made within a period of at least two weeks. The member shall be notified of the expulsion process by registered letter, stating the reasons in detail. <\/li>\n\n\n\n<li>An appeal against this decision may be lodged with the general meeting. The appeal must be submitted in writing to the Executive Board within a period of one month after receipt of the exclusion decision. At the general meeting, the member shall be given the opportunity to justify himself\/herself. <\/li>\n\n\n\n<li>If the exclusion decision is not challenged by the member or not challenged in time, it can no longer be asserted in court that the exclusion is unlawful. <\/li>\n<\/ol>\n\n\n\n<p><strong>\u00a7 6\nContributions of the members <\/strong><\/p>\n\n\n\n<p>The Association shall charge its ordinary members an annual fee, the amount of which shall be determined by the General Assembly. An absolute majority of the members present shall be required to set the fee. <\/p>\n\n\n\n<p>The membership fee shall be due in full at the beginning of \nthe financial year.<\/p>\n\n\n\n<p>It can also be paid in 12 monthly instalments, each on the first of the month.<\/p>\n\n\n\n<p><strong>\u00a7 7\nThe organs of the association<\/strong><\/p>\n\n\n\n<p>The organs of the association are:<\/p>\n\n\n\n<ol>\n<li>der<br>Chairman<\/li>\n\n\n\n<li>the meeting of members<\/li>\n<\/ol>\n\n\n\n<p><strong>&nbsp;\u00a7 8 The Board of Directors<\/strong><\/p>\n\n\n\n<ol>\n<li>Der<br>Vorstand besteht aus 3 Mitgliedern: Dem Vorsitzenden, einem stellvertretenden<br>Vorsitzenden und dem Schatzmeister. Der Vorstand wird von der<br>Mitgliederversammlung jeweils auf 5 Jahre gew\u00e4hlt. Die Wiederwahl des<br>Vorstandes ist m\u00f6glich. <\/li>\n\n\n\n<li>Den<br>Vorstandsvorsitzenden \u2013 im Falle einer Verhinderung, die nicht nachgewiesen<br>werden muss, &#8211; vertritt sein Stellvertreter den Verein im Sinne von \u00a7 26 BGB. Die<br>Mitgliederversammlung kann Vorstandsmitglieder von den Beschr\u00e4nkungen des \u00a7 181<br>BGB befreien. <\/li>\n\n\n\n<li>Die<br>jeweils amtierenden Vorstandsmitglieder bleiben nach Ablauf ihrer Amtszeit so<br>lange im Amt, bis ihre Nachfolger gew\u00e4hlt sind und ihre Amtsf\u00e4higkeit aufnehmen<br>k\u00f6nnen. <\/li>\n\n\n\n<li>Dem<br>Vorstand obliegt die F\u00fchrung der laufenden Gesch\u00e4fte des Vereins. <\/li>\n\n\n\n<li>Die<br>T\u00e4tigkeiten der Vorstandsmitglieder im Rahmen der Vereinsf\u00fchrung werden<br>grunds\u00e4tzlich ehrenamtlich ausgef\u00fchrt<\/li>\n\n\n\n<li>Die<br>T\u00e4tigkeiten der Vorstandsmitglieder kann z.B. im Rahmen von Projekten in einem<br>angemessenen Umfang verg\u00fctet werden.<\/li>\n\n\n\n<li>Die<br>Einberufung der Vorstandssitzungen erfolgt schriftlich durch den<br>Vorstandsvorsitzenden, oder seinen Stellvertreter, unter Wahrung einer<br>Einladungsfrist von mindestens 7 Tagen bei gleichzeitiger Bekanntgabe der<br>Tagesordnung. Der Vorstand ist beschlussf\u00e4hig, wenn mindestens zwei Vorstandsmitglieder<br>anwesend sind, bzw. \u00fcber moderne Technologien miteinander kommunizieren k\u00f6nnen.<br>&nbsp;<\/li>\n\n\n\n<li>Beschl\u00fcsse<br>des Vorstands k\u00f6nnen bei Eilbed\u00fcrftigkeit auch schriftlich oder fernm\u00fcndlich<br>gefasst werden, wenn kein Vorstandsmitglied widerspricht. In diesem Fall gilt \u00a7<br>12 entsprechend. <\/li>\n\n\n\n<li>Beschl\u00fcsse<br>des Vorstandes werden mit einfacher Mehrheit gefasst. Bei Stimmgleichheit<br>entscheidet die Stimme des Vorstandsvorsitzenden.<\/li>\n\n\n\n<li>Satzungs\u00e4nderungen,<br>die von Aufsichts-, Gerichts- und Finanzbeh\u00f6rden aus formalen Gr\u00fcnden verlangt<br>werden, kann der Vorstand von sich aus vornehmen, sofern diese den Zielen des<br>Vereins nicht im Grundsatz widersprechen. Diese Satzungs\u00e4nderung werden allen<br>Vereinsmitgliedern schriftlich mitgeteilt. <\/li>\n<\/ol>\n\n\n\n<p><strong>\u00a7 9 General meeting<\/strong><\/p>\n\n\n\n<ol>\n<li>Die<br>Mitgliederversammlung ist einmal j\u00e4hrlich durch den Vorstand einzuberufen.<\/li>\n\n\n\n<li>Die<br>Einberufung&nbsp; der Mitgliederversammlung<br>erfolgt in Textform durch den Vorstand unter einer Wahrung einer<br>Einladungsfrist von mindestens 21 Tagen bei gleichzeitiger Bekanntgabe der<br>Tagesordnung.<\/li>\n\n\n\n<li>Au\u00dferordentliche<br>Mitgliederversammlungen sind einzuberufen, wenn das Interesse des Vereins es<br>erfordert oder wenn die Einberufung von einem Drittel s\u00e4mtlicher<br>Vereinsmitglieder unter der Angabe von Gr\u00fcnden vom Vorstand verlangt wird. Au\u00dferordentliche<br>Mitgliederversammlungen k\u00f6nnen, sofern nicht 1\/3 der Mitglieder widersprechen,<br>auch kurzfristig, bis zu 3 Tage vorher, einberufen werden. Der Grund der Dringlichkeit<br>ist dann entsprechend zu benennen mit Angabe der Tagesordnung.<\/li>\n<\/ol>\n\n\n\n<p><strong>\u00a7 10\nThe duties of the general meeting<\/strong><\/p>\n\n\n\n<p>The general meeting has the following duties in particular: <\/p>\n\n\n\n<ol>\n<li>die<br>Wahl des Vorstandes,<\/li>\n\n\n\n<li>die<br>Entgegennahme des Jahres- und Kassenberichts des Vorstandes, des<br>Pr\u00fcfungsberichts der Kassenpr\u00fcfer und die Erteilung der Entlastung des<br>Vorstandes,<\/li>\n\n\n\n<li>die<br>Aufstellung des Haushaltsplans<\/li>\n\n\n\n<li>die<br>Ernennung von Ehrenmitgliedern<\/li>\n\n\n\n<li>die<br>Beschlussfassung \u00fcber Beitragsordnungen<\/li>\n\n\n\n<li>die<br>Beschlussfassung \u00fcber Satzungs\u00e4nderungen und <\/li>\n\n\n\n<li>alle<br>sonstigen ihr vom Vorstand unterbreiteten Aufgaben sowie die nach der Satzung<br>\u00fcbertragenen Angelegenheiten,<\/li>\n\n\n\n<li>die<br>Beschlussfassung \u00fcber die Aufl\u00f6sung des Vereins. <\/li>\n<\/ol>\n\n\n\n<p><strong>\u00a7 11\nThe passing of resolutions by the general meeting<\/strong><\/p>\n\n\n\n<ol>\n<li>Der<br>Vorsitz der Mitgliederversammlung f\u00fchrt der Vorstandsvorsitzende, bei dessen<br>Verhinderung sein Stellvertreter, bei Verhinderung beider ein vom<br>Vorstandvorsitzenden bestimmter Stellvertreter. <\/li>\n\n\n\n<li>Die<br>Mitgliederversammlung fasst ihre Beschl\u00fcsse mit einfacher Stimmenmehrheit der<br>abgegebenen Stimmen der ordentlichen Mitglieder, es sei denn, Gesetzt oder<br>Satzung schreiben eine andere Stimmenmehrheit vor. Eine Vertretung in der<br>Stimmabgabe ist unzul\u00e4ssig. <\/li>\n\n\n\n<li>Die<br>Beschlussfassung erfolgt durch offene Abstimmung, soweit nicht gesetzliche<br>Bestimmungen oder die Satzung dem entgegenstehen. <\/li>\n\n\n\n<li>Die<br>Wahl des Vorstandsvorsitzenden und stellvertretenden Vorsitzenden erfolgt<br>geheim, wenn ein Mitglied den diesbez\u00fcglichen Antrag stellt, ansonsten durch<br>offene Abstimmung. <\/li>\n\n\n\n<li>F\u00fcr<br>die Wahl der Vorstandsmitglieder ist die einfache Mehrheit der abgegebenen<br>g\u00fcltigen Stimmen erforderlich. Bei Stimmgleichheit ist ein zweiter Wahlgang<br>notwendig. Im zweiten Wahlgang ist gew\u00e4hlt, wer die meisten der abgegebenen<br>Stimmen auf sich vereinen kann. Ergibt der zweite Wahlgang abermals<br>Stimmgleichheit, so entscheidet das Los. <\/li>\n\n\n\n<li>Bewerben<br>sich mehr als 2 Personen f\u00fcr die in Abs. 5 aufgef\u00fchrten \u00c4mter und erreicht<br>keine die einfache Mehrheit der abgegebenen g\u00fcltigen Stimmen im ersten<br>Wahlgang, so findet eine Stichwahl zwischen den Kandidaten statt, die im ersten<br>Wahlgang die meisten g\u00fcltigen abgegebenen Stimmen erzielt haben. Im zweiten<br>Wahlgang ist gew\u00e4hlt, wer die meisten abgegebenen Stimmen auf sich vereinen<br>kann. Ergibt der weitere Wahlgang Stimmgleichheit, so entscheidet das Los. <\/li>\n<\/ol>\n\n\n\n<p><strong>\u00a7 12\nCertification of the resolutions<\/strong><\/p>\n\n\n\n<ol>\n<li>Die Beschl\u00fcsse<br>des Vorstandes und der Mitgliederversammlung sind schriftlich abzufassen und<br>von dem jeweiligen Leiter der Sitzung zu unterzeichnen. <\/li>\n\n\n\n<li>\u00dcber<br>jede Mitgliederversammlung wird eine Niederschrift aufgenommen, die von dem Versammlungsleiter<br>und von dem von der Mitgliederversammlung bestimmten Schriftf\u00fchrer zu<br>unterzeichnen ist. <\/li>\n<\/ol>\n\n\n\n<p><strong>\u00a7 13\nAdvisory Board<\/strong><\/p>\n\n\n\n<ol>\n<li>Der<br>Vorstand kann geeignete Pers\u00f6nlichkeiten in einen Beirat berufen, dessen<br>Mitglieder f\u00fcr eine individuell bestimmte Frist oder bis zur Abberufung die<br>Ziele des Vereins unterst\u00fctzt, insbesondere indem sie aufgrund ihrer<br>beruflichen Erfahrungen und Positionen an der Schwerpunktplanung der<br>Vereinsaktivit\u00e4ten sachverst\u00e4ndig mitwirken und deren Realisierung f\u00f6rdern.<\/li>\n\n\n\n<li>Der<br>Beirat soll auf Einladung durch den Vorstand einmal j\u00e4hrlich zu einer Sitzung<br>zusammentreten. <\/li>\n<\/ol>\n\n\n\n<p><strong>\u00a7 14\nAmendments to the Articles of Association<\/strong><\/p>\n\n\n\n<p>Amendments to the Articles of Association may only be\nby the general meeting. The invitation to the meeting shall include \nthe paragraph of the Statutes to be amended shall be announced in the agenda. A resolution containing an amendment to the Statutes requires a majority of three\nthree quarters of the votes cast.<\/p>\n\n\n\n<p><strong>\u00a7 15\nThe dissolution of the association<\/strong><\/p>\n\n\n\n<ol>\n<li>Die<br>Aufl\u00f6sung des Vereins erfolgt durch Beschluss der Mitgliederversammlung, wobei<br>drei Viertel der abgegebenen Stimmen f\u00fcr die Aufl\u00f6sung stimmen m\u00fcssen<\/li>\n\n\n\n<li>Die Mitgliederversammlung<br>ernennt zur Abwicklung der Gesch\u00e4fte drei Liquidatoren.<\/li>\n\n\n\n<li>Bei<br>Aufl\u00f6sung des Vereins, bei seinem Erl\u00f6schen oder bei Wegfall seines bisherigen<br>Zwecks, f\u00e4llt das Verm\u00f6gen des Vereins an die Deutsche Forschungsgemeinschaft,<br>die es ausschlie\u00dflich f\u00fcr die F\u00f6rderung der Forschung im Bereich der<br>angewandten digitalen Visualisierung zu verwenden hat. <\/li>\n<\/ol>\n\n\n\n<p>K\u00f6ln, den 28.05.2024 (aktualisierte eingtr. Fassung)<br>Institutsgr\u00fcndung und Eintragung 19.05.2016<\/p>","protected":false},"excerpt":{"rendered":"<p>skip. Institut f\u00fcr angewandte digitale Visualisierung e.V. an der Hochschule Fresenius Postanschrift:skip. Institut f\u00fcr angewandte digitale Visualisierung e.V.an der Hochschule FreseniusIm Mediapark 4c50670 K\u00f6ln Tel: +49(0)221 &#8211; 973 199 539 [&hellip;]<\/p>\n","protected":false},"author":1,"featured_media":0,"parent":0,"menu_order":0,"comment_status":"closed","ping_status":"closed","template":"","meta":{"_eb_attr":"","rop_custom_images_group":[],"rop_custom_messages_group":[],"rop_publish_now":"initial","rop_publish_now_accounts":[],"rop_publish_now_history":[],"rop_publish_now_status":"pending","footnotes":""},"_links":{"self":[{"href":"http:\/\/skip-institut.de\/en\/wp-json\/wp\/v2\/pages\/48743"}],"collection":[{"href":"http:\/\/skip-institut.de\/en\/wp-json\/wp\/v2\/pages"}],"about":[{"href":"http:\/\/skip-institut.de\/en\/wp-json\/wp\/v2\/types\/page"}],"author":[{"embeddable":true,"href":"http:\/\/skip-institut.de\/en\/wp-json\/wp\/v2\/users\/1"}],"replies":[{"embeddable":true,"href":"http:\/\/skip-institut.de\/en\/wp-json\/wp\/v2\/comments?post=48743"}],"version-history":[{"count":24,"href":"http:\/\/skip-institut.de\/en\/wp-json\/wp\/v2\/pages\/48743\/revisions"}],"predecessor-version":[{"id":253991,"href":"http:\/\/skip-institut.de\/en\/wp-json\/wp\/v2\/pages\/48743\/revisions\/253991"}],"wp:attachment":[{"href":"http:\/\/skip-institut.de\/en\/wp-json\/wp\/v2\/media?parent=48743"}],"curies":[{"name":"wp","href":"https:\/\/api.w.org\/{rel}","templated":true}]}}