{"id":48745,"date":"2016-06-25T13:49:48","date_gmt":"2016-06-25T13:49:48","guid":{"rendered":"http:\/\/skip-institut.de\/?page_id=48745"},"modified":"2018-05-23T17:58:33","modified_gmt":"2018-05-23T15:58:33","slug":"disclaimer","status":"publish","type":"page","link":"http:\/\/skip-institut.de\/en\/disclaimer","title":{"rendered":"Disclaimer"},"content":{"rendered":"<p><strong>EU-Datenschutz-Grundverordnung (EU-DSGVO)<br \/>\n<\/strong>Ab dem 25. Mai 2018 tritt die EU-Datenschutz-Grundverordnung (EU-DSGVO) in Kraft. Deshalb informieren wir Sie in diesem Zusammenhang dar\u00fcber, dass wir (das skip Institut) ihre pers\u00f6nlichen Daten (Name und E-Mail-Adresse) ausschlie\u00dflich zu oben genanntem Zweck verwenden und nicht an Dritte weitergeben. Auch in Zukunft m\u00f6chten wir Sie gerne per Mail Informationen zukommen lassen. Falls Sie das zuk\u00fcnftig nicht w\u00fcnschen, dann teilen Sie es uns per Mail mit. Ihre Kontaktdaten werden dann aus unserem Verteiler gel\u00f6scht.<br \/>\nWir m\u00f6chten au\u00dferdem betonen, dass keine Daten des Webseitenbesuchers ohne dessen Zustimmung erhoben werden.<\/p>\n<p><strong>Disclaimer: Wichtiger Hinweis zu allen Links auf dieser Homepage! <\/strong><br \/>\nMit Urteil vom 12. Mai 1998 (312 O 85\/98 \u201cHaftung f\u00fcr Links\u201d) hat das Landgericht Hamburg entschieden, dass man durch die Einbindung eines Links gegebenenfalls f\u00fcr die Inhalte der gelinkten Seiten mit verantwortlich ist. Dies kann \u2013 laut Landgericht Hamburg \u2013 nur dadurch verhindert werden, dass man sich ausdr\u00fccklich von diesen Inhalten distanziert. Das skip Institut hat auf verschiedenen Seiten dieser Homepage Links zu anderen Seiten im Internet.<\/p>\n<p>Das skip Institut distanziert sich hiermit ausdr\u00fccklich von allen gelinkten Seiten. Wir m\u00f6chten ausdr\u00fccklich betonen, dass wir keinerlei Einfluss auf die Gestaltung und die Inhalte der gelinkten Seiten haben. Diese Erkl\u00e4rung gilt f\u00fcr alle auf dieser Homepage eingebundenen Links.<\/p>\n<p><strong>Google Analytics<br \/>\n<\/strong>\u201eDiese Website benutzt Google Analytics, einen Webanalysedienst der Google Inc. (\u201eGoogle\u201c). Google Analytics verwendet sog. \u201eCookies\u201c, Textdateien, die auf Ihrem Computer gespeichert werden und die eine Analyse der Benutzung der Website durch Sie erm\u00f6glichen. Die durch den Cookie erzeugten Informationen \u00fcber Ihre Benutzung dieser Website (einschlie\u00dflich Ihrer IP-Adresse) wird an einen Server von Google in den USA \u00fcbertragen und dort gespeichert. Google wird diese Informationen benutzen, um Ihre Nutzung der Website auszuwerten, um Reports \u00fcber die Websiteaktivit\u00e4ten f\u00fcr die Websitebetreiber zusammenzustellen und um weitere mit der Websitenutzung und der Internetnutzung verbundene Dienstleistungen zu erbringen. Auch wird Google diese Informationen gegebenenfalls an Dritte \u00fcbertragen, sofern dies gesetzlich vorgeschrieben oder soweit Dritte diese Daten im Auftrag von Google verarbeiten. Google wird in keinem Fall Ihre IP-Adresse mit anderen Daten von Google in Verbindung bringen. Sie k\u00f6nnen die Installation der Cookies durch eine entsprechende Einstellung Ihrer Browser Software verhindern; wir weisen Sie jedoch darauf hin, dass Sie in diesem Fall gegebenenfalls nicht s\u00e4mtliche Funktionen dieser Website vollumf\u00e4nglich nutzen k\u00f6nnen. Durch die Nutzung dieser Website erkl\u00e4ren Sie sich mit der Bearbeitung der \u00fcber Sie erhobenen Daten durch Google in der zuvor beschriebenen Art und Weise und zu dem zuvor benannten Zweck einverstanden.\u201c<\/p>","protected":false},"excerpt":{"rendered":"<p>EU-Datenschutz-Grundverordnung (EU-DSGVO) Ab dem 25. Mai 2018 tritt die EU-Datenschutz-Grundverordnung (EU-DSGVO) in Kraft. Deshalb informieren wir Sie in diesem Zusammenhang dar\u00fcber, dass wir (das skip Institut) ihre pers\u00f6nlichen Daten (Name [&hellip;]<\/p>\n","protected":false},"author":1,"featured_media":0,"parent":0,"menu_order":0,"comment_status":"closed","ping_status":"closed","template":"","meta":{"_eb_attr":"","rop_custom_images_group":[],"rop_custom_messages_group":[],"rop_publish_now":"initial","rop_publish_now_accounts":[],"rop_publish_now_history":[],"rop_publish_now_status":"pending","footnotes":""},"_links":{"self":[{"href":"http:\/\/skip-institut.de\/en\/wp-json\/wp\/v2\/pages\/48745"}],"collection":[{"href":"http:\/\/skip-institut.de\/en\/wp-json\/wp\/v2\/pages"}],"about":[{"href":"http:\/\/skip-institut.de\/en\/wp-json\/wp\/v2\/types\/page"}],"author":[{"embeddable":true,"href":"http:\/\/skip-institut.de\/en\/wp-json\/wp\/v2\/users\/1"}],"replies":[{"embeddable":true,"href":"http:\/\/skip-institut.de\/en\/wp-json\/wp\/v2\/comments?post=48745"}],"version-history":[{"count":4,"href":"http:\/\/skip-institut.de\/en\/wp-json\/wp\/v2\/pages\/48745\/revisions"}],"predecessor-version":[{"id":49662,"href":"http:\/\/skip-institut.de\/en\/wp-json\/wp\/v2\/pages\/48745\/revisions\/49662"}],"wp:attachment":[{"href":"http:\/\/skip-institut.de\/en\/wp-json\/wp\/v2\/media?parent=48745"}],"curies":[{"name":"wp","href":"https:\/\/api.w.org\/{rel}","templated":true}]}}