{"id":48779,"date":"2016-06-25T14:19:39","date_gmt":"2016-06-25T14:19:39","guid":{"rendered":"http:\/\/skip-institut.de\/?page_id=48779"},"modified":"2020-01-21T12:28:41","modified_gmt":"2020-01-21T11:28:41","slug":"thomas-terrail","status":"publish","type":"page","link":"http:\/\/skip-institut.de\/en\/thomas-terrail","title":{"rendered":"Thomas Terrail"},"content":{"rendered":"<p style=\"text-align: left;\">Email: <a href=\"mailto:terrail@skip-institut.de\">terrail@skip-institut.de<\/a><\/p>\n<p style=\"text-align: left;\">Born 1961 in Dax\/France<\/p>\n<p>1991 Studies in Business Administration <br>\nUniversity of Cologne<\/p>\n<ul>\n<li>Member of the skip Institute<\/li>\n<li>Project Management for skip projects<\/li>\n<li>Lecturer\/freelancer at Fresenius University - Business and Media Management in Cologne and Wiesbaden, lecturer at EUFH Br\u00fchl and Neuss<\/li>\n<li>Doctorate (pending)<\/li>\n<\/ul>\n<p>Work experience in the following companies (1991-2013)<\/p>\n<ul>\n<li>DLR, Cologne<\/li>\n<li>T\u00fcv Rheinland<\/li>\n<li>Deutsche Post Consult, Bonn<\/li>\n<li>Deutsche Post, Bonn<\/li>\n<li>Deutsche Woolworth, Frankfurt<\/li>\n<li>Federal Office of Administration<\/li>\n<\/ul>\n<p>Academic achievements\/ teaching assignments<\/p>\n<ul>\n<li>Digital Innovation + Change Management<\/li>\n<li>Digital economy<\/li>\n<li>Transformation management<\/li>\n<li>Customer Relations Management (CRM)<\/li>\n<li>Viral Marketing<\/li>\n<li>Online Marketing<\/li>\n<li>Communication management<\/li>\n<li>Media industry<\/li>\n<li>Quality management<\/li>\n<li>Social Media Management<\/li>\n<li>Car industry<\/li>\n<li>Sustainable management<\/li>\n<li>Entrepreneurship &amp; Business Planning<\/li>\n<li>Campaigning<\/li>\n<li>Social Campaigning<\/li>\n<li>Intercultural management<\/li>\n<\/ul>\n<ul>\n<li>Consulting in various practical projects<\/li>\n<\/ul>","protected":false},"excerpt":{"rendered":"<p>Email: terrail@skip-institut.de Geboren 1961 in Dax\/ Frankreich Abschluss im Studium der Betriebswirtschaftslehre 1991 bei der Universit\u00e4t zu K\u00f6ln (Dipl. Kaufmann) Mitglied im skip Institut Project Management f\u00fcr skip Projekte Dozent\/Freiberufler [&hellip;]<\/p>\n","protected":false},"author":1,"featured_media":0,"parent":0,"menu_order":0,"comment_status":"closed","ping_status":"closed","template":"","meta":{"_eb_attr":"","rop_custom_images_group":[],"rop_custom_messages_group":[],"rop_publish_now":"initial","rop_publish_now_accounts":[],"rop_publish_now_history":[],"rop_publish_now_status":"pending","footnotes":""},"_links":{"self":[{"href":"http:\/\/skip-institut.de\/en\/wp-json\/wp\/v2\/pages\/48779"}],"collection":[{"href":"http:\/\/skip-institut.de\/en\/wp-json\/wp\/v2\/pages"}],"about":[{"href":"http:\/\/skip-institut.de\/en\/wp-json\/wp\/v2\/types\/page"}],"author":[{"embeddable":true,"href":"http:\/\/skip-institut.de\/en\/wp-json\/wp\/v2\/users\/1"}],"replies":[{"embeddable":true,"href":"http:\/\/skip-institut.de\/en\/wp-json\/wp\/v2\/comments?post=48779"}],"version-history":[{"count":25,"href":"http:\/\/skip-institut.de\/en\/wp-json\/wp\/v2\/pages\/48779\/revisions"}],"predecessor-version":[{"id":50323,"href":"http:\/\/skip-institut.de\/en\/wp-json\/wp\/v2\/pages\/48779\/revisions\/50323"}],"wp:attachment":[{"href":"http:\/\/skip-institut.de\/en\/wp-json\/wp\/v2\/media?parent=48779"}],"curies":[{"name":"wp","href":"https:\/\/api.w.org\/{rel}","templated":true}]}}