{"id":49108,"date":"2016-07-12T09:27:54","date_gmt":"2016-07-12T09:27:54","guid":{"rendered":"http:\/\/skip-institut.de\/?page_id=49108"},"modified":"2025-08-05T12:56:41","modified_gmt":"2025-08-05T10:56:41","slug":"christopher-wickenden","status":"publish","type":"page","link":"http:\/\/skip-institut.de\/en\/christopher-wickenden","title":{"rendered":"Prof. Christopher Wickenden"},"content":{"rendered":"<p>E-Mail: <a href=\"mailto:wickenden@skip-institut.de\">wickenden@skip-institut.de<\/a><\/p>\n<p>Professor f\u00fcr Kommunikationsdesign<br \/>\nGr\u00fcnder des skip Instituts e.V.<\/p>\n<p>Studiendekan<\/p>\n<p class=\"translation-block\">Diploma of Visual Communications, University of Applied Sciences D\u00fcsseldorf<\/p>\n<p><strong>Since 2013<\/strong><br \/>\nFresenius University of Applied Sciences for Business &amp; Media GmbH, Cologne<\/p>\n<p><strong>Since 2005<\/strong><br \/>\nFreelance lecturer at the Fresenius University of Applied Sciences<\/p>\n<p><strong>2003 &#8211; 2008<\/strong><br \/>\nHead of Corporate Design worldwide<br \/>\nSimon-Kucher &amp; Partners<strong>, <\/strong>Bonn<\/p>\n<p class=\"translation-block\"><strong>2002 \u2013 2002<\/strong><br>\nfreelancing Corporate Profiler<br>\nPanus Poultry Frozen Foods<br>\nChonburi, Thailand<\/p>\n<p class=\"translation-block\"><strong>1999 - 2002<\/strong><br>\nCreative Director and Client Consultant<br>\nAgency: Workyard GmbH, D\u00fcsseldorf<\/p>\n<p class=\"translation-block\"><strong>1997 - 2001<\/strong><br>\nDirector of Studies Graphic Design<br>\nLocation D\u00fcsseldorf<br>\nInstitute for Graphic &amp; Design (InGD)<\/p>\n<p><strong>1995 &#8211; 2000<\/strong><br \/>\nOwner<br \/>\nChristopherobin Visual Communications<br \/>\nD\u00fcsseldorf and Kapstadt S.A.<\/p>\n<p><strong>1992 &#8211; 1995<\/strong><br \/>\nArt Director<br \/>\nAdvance - advertising agency<strong>, <\/strong>D\u00fcsseldorf<\/p>\n<p><strong>1989 &#8211; 1991<\/strong><br \/>\nJunior Art Director<br \/>\nAcon - advertising agency<strong>, <\/strong>K\u00f6ln<\/p>","protected":false},"excerpt":{"rendered":"<p>E-Mail: wickenden@skip-institut.de Professor f\u00fcr Kommunikationsdesign Gr\u00fcnder des skip Instituts e.V. Studiendekan Diplom Studium Visuelle Kommunikation, Fachhochschule D\u00fcsseldorf Seit 2013 Hochschule Fresenius f\u00fcr Wirtschaft &amp; Medien GmbH, K\u00f6ln Seit 2005 freier [&hellip;]<\/p>\n","protected":false},"author":1,"featured_media":0,"parent":0,"menu_order":0,"comment_status":"closed","ping_status":"closed","template":"","meta":{"_eb_attr":"","rop_custom_images_group":[],"rop_custom_messages_group":[],"rop_publish_now":"initial","rop_publish_now_accounts":[],"rop_publish_now_history":[],"rop_publish_now_status":"pending","footnotes":""},"_links":{"self":[{"href":"http:\/\/skip-institut.de\/en\/wp-json\/wp\/v2\/pages\/49108"}],"collection":[{"href":"http:\/\/skip-institut.de\/en\/wp-json\/wp\/v2\/pages"}],"about":[{"href":"http:\/\/skip-institut.de\/en\/wp-json\/wp\/v2\/types\/page"}],"author":[{"embeddable":true,"href":"http:\/\/skip-institut.de\/en\/wp-json\/wp\/v2\/users\/1"}],"replies":[{"embeddable":true,"href":"http:\/\/skip-institut.de\/en\/wp-json\/wp\/v2\/comments?post=49108"}],"version-history":[{"count":27,"href":"http:\/\/skip-institut.de\/en\/wp-json\/wp\/v2\/pages\/49108\/revisions"}],"predecessor-version":[{"id":253993,"href":"http:\/\/skip-institut.de\/en\/wp-json\/wp\/v2\/pages\/49108\/revisions\/253993"}],"wp:attachment":[{"href":"http:\/\/skip-institut.de\/en\/wp-json\/wp\/v2\/media?parent=49108"}],"curies":[{"name":"wp","href":"https:\/\/api.w.org\/{rel}","templated":true}]}}