{"id":49492,"date":"2018-02-05T16:16:44","date_gmt":"2018-02-05T15:16:44","guid":{"rendered":"http:\/\/skip-institut.de\/?page_id=49492"},"modified":"2020-01-20T14:53:50","modified_gmt":"2020-01-20T13:53:50","slug":"jorn-allert-2","status":"publish","type":"page","link":"http:\/\/skip-institut.de\/en\/jorn-allert-2","title":{"rendered":"J\u00f6rn Allert"},"content":{"rendered":"<p>E-Mail: <a href=\"mailto:allert@skip-institut.de\">allert@skip-institut.de<\/a><\/p>\n<ul>\n<li>Director serie a - digital media and systems GmbH<\/li>\n<li>Board skip Institute for Applied Digital Visualisation e.V. at Fresenius University of Applied Sciences<\/li>\n<li>Lecturer for agile project management and innovation management at HS Fresenius Cologne<\/li>\n<\/ul>\n<p>Expert in<\/p>\n<ul>\n<li>Digitalisation<\/li>\n<li>Agile and classic project management<\/li>\n<li>Virtual Reality &amp; Augmented Reality<\/li>\n<li>Software development<\/li>\n<li>Web platforms<\/li>\n<li>Process optimisation<\/li>\n<\/ul>\n<p>Founder of the companies<\/p>\n<ul>\n<li>serie a digital media and systems GmbH<\/li>\n<li>serie a logistics solutions AG<\/li>\n<li>headtrip immersive media GmbH<\/li>\n<li>Walking Concepts GbR<\/li>\n<li>First German Association for Virtual Reality e.V.<\/li>\n<\/ul>","protected":false},"excerpt":{"rendered":"<p>E-Mail: allert@skip-institut.de Gesch\u00e4ftsf\u00fchrung serie a &#8211; digitale Medien und Systeme GmbH Vorstand skip Institut f\u00fcr angewandte digitale Visualisierung e.V. an der Hochschule Fresenius Lehrbeauftragter f\u00fcr agiles Projektmanagement und Innovationsmanagement an [&hellip;]<\/p>\n","protected":false},"author":1,"featured_media":0,"parent":0,"menu_order":0,"comment_status":"closed","ping_status":"closed","template":"","meta":{"_eb_attr":"","rop_custom_images_group":[],"rop_custom_messages_group":[],"rop_publish_now":"initial","rop_publish_now_accounts":[],"rop_publish_now_history":[],"rop_publish_now_status":"pending","footnotes":""},"_links":{"self":[{"href":"http:\/\/skip-institut.de\/en\/wp-json\/wp\/v2\/pages\/49492"}],"collection":[{"href":"http:\/\/skip-institut.de\/en\/wp-json\/wp\/v2\/pages"}],"about":[{"href":"http:\/\/skip-institut.de\/en\/wp-json\/wp\/v2\/types\/page"}],"author":[{"embeddable":true,"href":"http:\/\/skip-institut.de\/en\/wp-json\/wp\/v2\/users\/1"}],"replies":[{"embeddable":true,"href":"http:\/\/skip-institut.de\/en\/wp-json\/wp\/v2\/comments?post=49492"}],"version-history":[{"count":15,"href":"http:\/\/skip-institut.de\/en\/wp-json\/wp\/v2\/pages\/49492\/revisions"}],"predecessor-version":[{"id":50301,"href":"http:\/\/skip-institut.de\/en\/wp-json\/wp\/v2\/pages\/49492\/revisions\/50301"}],"wp:attachment":[{"href":"http:\/\/skip-institut.de\/en\/wp-json\/wp\/v2\/media?parent=49492"}],"curies":[{"name":"wp","href":"https:\/\/api.w.org\/{rel}","templated":true}]}}