{"id":49572,"date":"2018-02-20T16:56:44","date_gmt":"2018-02-20T15:56:44","guid":{"rendered":"http:\/\/skip-institut.de\/?page_id=49572"},"modified":"2020-01-21T15:32:45","modified_gmt":"2020-01-21T14:32:45","slug":"niels-reuschel","status":"publish","type":"page","link":"http:\/\/skip-institut.de\/en\/niels-reuschel","title":{"rendered":"Niels Reuschel"},"content":{"rendered":"<p>Email: <a href=\"mailto:reuschel@skip-institut.de\">reuschel@skip-institut.de<\/a><\/p>\n<p>\u00dcber sein halbes Leben lang besch\u00e4ftigt sich Niels Reuschel mit Live Kommunikation in realen und digitalen Welten. Seine Ausbildung als Fotograf und das Studium der Fotografie und Medientechnik in K\u00f6ln waren Basis der Arbeit als Medien- und Showproducer bei Golatta &amp; Doll in Wuppertal. Als Berater f\u00fcr Live Kommunikation namhafter Kunden wie Porsche, Audi und adidas verantwortete er das weltweite Projektgesch\u00e4ft bei maxsense production und mindact und wechselte schlie\u00dflich zur Sky Premotion nach K\u00f6ln.<\/p>\n<p>Niels Reuschel doziert heute als Lehrbeauftragter an verschiedenen Hochschulen die Bereiche Konzeption, Eventmanagement, Medienproduktion und Regie und ist als selbstst\u00e4ndiger Konzeptioner f\u00fcr namhafte Agenturen und Markenartikler t\u00e4tig.<\/p>\n<p><strong>\u00a0<\/strong><\/p>\n<p><strong>2010 \u2013 heute<\/strong><\/p>\n<p><strong>Freiberuflicher Konzeptioner und Kommunikationsberater f\u00fcr Marketing Events und Kommunikationsplanung<\/strong><\/p>\n<p>(namhafte Kommunikationsagenturen und Markenartikler)<\/p>\n<p><strong>2009 \u2013 heute<\/strong><\/p>\n<p><strong>Lehrbeauftragter f\u00fcr Kommunikationspolitik, Eventkonzeption, Inszenierung und Medienproduktion <\/strong><\/p>\n<p>(Hochschule Fresenius, BiTS Hochschule, IST Hochschule, DHBW Ravensburg)<\/p>\n<p><strong>2010 \u2013 2014<\/strong><\/p>\n<p><strong>Mitglied der Gesch\u00e4ftsleitung Sky Premotion GmbH, K\u00f6ln<\/strong><\/p>\n<p>(u.a. Porsche, Hyundai, MAN, Metro, Henkel)<\/p>\n<p>[&#8230;]<\/p>\n<p><strong>2005 \u2013 2009<\/strong><\/p>\n<p><strong>Neugr\u00fcndung und Mitglied der Gesch\u00e4ftsleitung mindact Ges. f\u00fcr Kommunikation GmbH, Wuppertal<\/strong><\/p>\n<p>(u.a. Audi, Porsche, Hyundai, Toyota, Nordwest)<\/p>\n<p><strong>2002 &#8211; 2005<\/strong><\/p>\n<p><strong>Mitglied der Gesch\u00e4ftsleitung maxsense production GmbH, Wuppertal<\/strong><\/p>\n<p>(u.a. adidas, Lufthansa, Porsche, Audi, BMW, Seat, VW)<\/p>\n<p><strong>1995 &#8211; 2002<\/strong><\/p>\n<p><strong>Teamleiter und Medienproducer Golatta &amp; Doll Live Kommunikation, Wuppertal<\/strong><\/p>\n<p>(u.a. Toyota, NEC, DZ Bank, Deutsche Bank, Audi)<strong>\u00a0<\/strong><\/p>\n<p><strong>bis 1995<\/strong><\/p>\n<p><strong>Studium Medientechnologien TH K\u00f6ln<\/strong><\/p>\n<p><strong>bis 1997<\/strong><\/p>\n<p><strong>Ausbildung und freie Arbeit als Fotograf<\/strong><\/p>\n<p><strong>1983<\/strong><\/p>\n<p><strong>Abitur<\/strong><\/p>\n","protected":false},"excerpt":{"rendered":"<p>Email: reuschel@skip-institut.de \u00dcber sein halbes Leben lang besch\u00e4ftigt sich Niels Reuschel mit Live Kommunikation in realen und digitalen Welten. Seine Ausbildung als Fotograf und das Studium der Fotografie und Medientechnik [&hellip;]<\/p>\n","protected":false},"author":1,"featured_media":0,"parent":0,"menu_order":0,"comment_status":"closed","ping_status":"closed","template":"","meta":{"_eb_attr":"","rop_custom_images_group":[],"rop_custom_messages_group":[],"rop_publish_now":"initial","rop_publish_now_accounts":[],"rop_publish_now_history":[],"rop_publish_now_status":"pending","footnotes":""},"_links":{"self":[{"href":"http:\/\/skip-institut.de\/en\/wp-json\/wp\/v2\/pages\/49572"}],"collection":[{"href":"http:\/\/skip-institut.de\/en\/wp-json\/wp\/v2\/pages"}],"about":[{"href":"http:\/\/skip-institut.de\/en\/wp-json\/wp\/v2\/types\/page"}],"author":[{"embeddable":true,"href":"http:\/\/skip-institut.de\/en\/wp-json\/wp\/v2\/users\/1"}],"replies":[{"embeddable":true,"href":"http:\/\/skip-institut.de\/en\/wp-json\/wp\/v2\/comments?post=49572"}],"version-history":[{"count":11,"href":"http:\/\/skip-institut.de\/en\/wp-json\/wp\/v2\/pages\/49572\/revisions"}],"predecessor-version":[{"id":50380,"href":"http:\/\/skip-institut.de\/en\/wp-json\/wp\/v2\/pages\/49572\/revisions\/50380"}],"wp:attachment":[{"href":"http:\/\/skip-institut.de\/en\/wp-json\/wp\/v2\/media?parent=49572"}],"curies":[{"name":"wp","href":"https:\/\/api.w.org\/{rel}","templated":true}]}}