{"id":253817,"date":"2024-02-28T16:23:50","date_gmt":"2024-02-28T15:23:50","guid":{"rendered":"https:\/\/skip-institut.de\/?page_id=253817"},"modified":"2025-08-05T13:00:20","modified_gmt":"2025-08-05T11:00:20","slug":"prof-dr-stephan-g-humer","status":"publish","type":"page","link":"https:\/\/skip-institut.de\/en\/prof-dr-stephan-g-humer","title":{"rendered":"Prof. Dr. Stephan G. Humer"},"content":{"rendered":"<p>Stellvertretender Vorsitzender des skip Instituts<br>und Vertreter am Standort Berlin<br>E-Mail: : humer@skip-institut.de<\/p>\n\n\n\n<p>Sociology and Computer Science<\/p>\n\n\n\n<p>Founder and Head of the Research and Working Group Internet Sociology (FABIS), Berlin University of the Arts (2012-2016), Fresenius University of Applied Sciences Berlin (since 2016).<\/p>\n\n\n\n<p>Member of the Leading-Edge Research Cluster project MOTRA (Monitoring System and Transfer Platform for Radicalisation).<\/p>\n\n\n\n<p>Founding Chairman (2013-2021) of the Network for Terrorism Research, since 2021 Coordinator of Cutting-edge Research.<\/p>\n\n\n\n<p>Socio-technical expert and author, especially for contemporary firearms topics in the civil and government sectors.<\/p>","protected":false},"excerpt":{"rendered":"<p>Stellvertretender Vorsitzender des skip Institutsund Vertreter am Standort BerlinE-Mail: : humer@skip-institut.de Diplom-Soziologe und Informatiker Gr\u00fcnder und Leiter des Forschungs- und Arbeitsbereichs Internetsoziologie (FABIS), Universit\u00e4t der K\u00fcnste Berlin (2012-2016), Hochschule Fresenius [&hellip;]<\/p>\n","protected":false},"author":1,"featured_media":0,"parent":0,"menu_order":0,"comment_status":"closed","ping_status":"closed","template":"","meta":{"_eb_attr":"","rop_custom_images_group":[],"rop_custom_messages_group":[],"rop_publish_now":"initial","rop_publish_now_accounts":[],"rop_publish_now_history":[],"rop_publish_now_status":"pending","footnotes":""},"_links":{"self":[{"href":"https:\/\/skip-institut.de\/en\/wp-json\/wp\/v2\/pages\/253817"}],"collection":[{"href":"https:\/\/skip-institut.de\/en\/wp-json\/wp\/v2\/pages"}],"about":[{"href":"https:\/\/skip-institut.de\/en\/wp-json\/wp\/v2\/types\/page"}],"author":[{"embeddable":true,"href":"https:\/\/skip-institut.de\/en\/wp-json\/wp\/v2\/users\/1"}],"replies":[{"embeddable":true,"href":"https:\/\/skip-institut.de\/en\/wp-json\/wp\/v2\/comments?post=253817"}],"version-history":[{"count":5,"href":"https:\/\/skip-institut.de\/en\/wp-json\/wp\/v2\/pages\/253817\/revisions"}],"predecessor-version":[{"id":253997,"href":"https:\/\/skip-institut.de\/en\/wp-json\/wp\/v2\/pages\/253817\/revisions\/253997"}],"wp:attachment":[{"href":"https:\/\/skip-institut.de\/en\/wp-json\/wp\/v2\/media?parent=253817"}],"curies":[{"name":"wp","href":"https:\/\/api.w.org\/{rel}","templated":true}]}}