{"id":253851,"date":"2024-03-05T19:45:25","date_gmt":"2024-03-05T18:45:25","guid":{"rendered":"https:\/\/skip-institut.de\/?page_id=253851"},"modified":"2024-03-05T19:45:25","modified_gmt":"2024-03-05T18:45:25","slug":"prof-dr-ingo-zobel","status":"publish","type":"page","link":"https:\/\/skip-institut.de\/en\/prof-dr-ingo-zobel","title":{"rendered":"Prof. Dr. Ingo Zobel"},"content":{"rendered":"<p>Professor of Research Methods and General Psychology<\/p>\n\n\n\n<p><strong>2011-2012<\/strong> Doctorate, Dr. phil. \u2013 Psychology, University of Freiburg<\/p>\n\n\n\n<p><strong>1996-2003<\/strong> Diploma in Psychology, University of Freiburg<\/p>\n\n\n\n<p><strong>1991-1994<\/strong> Vocational training \u2013 hotel specialist, Hotel zum Roten B\u00e4ren (Freiburg)<\/p>\n\n\n\n<p><strong>since 2015<\/strong><\/p>\n\n\n\n<p>University Lecturer<\/p>\n\n\n\n<p>Hochschule Fresenius GmbH, Berlin<\/p>\n\n\n\n<p><strong>since 2015<\/strong><\/p>\n\n\n\n<p>Marketing, Accounting &amp; Webpage-Desing<\/p>\n\n\n\n<p>A Sense of Decadence, Potsdam-Babelsberg<\/p>\n\n\n\n<p><strong>2015-2019<\/strong><\/p>\n\n\n\n<p>Dean of Studies Psychology (B. Sc.)<\/p>\n\n\n\n<p>Fresenius University of Applied Sciences for Business &amp; Media, Berlin<\/p>\n\n\n\n<p>University Lecturer<\/p>\n\n\n\n<p>Hochschule Fresenius f\u00fcr Wirtschaft &amp; Medien GmbH, Hamburg<\/p>\n\n\n\n<p><strong>2013-2015<\/strong><\/p>\n\n\n\n<p>Studiendekan Psychologie (B.Sc.)<\/p>\n\n\n\n<p>Hochschule Fresenius f\u00fcr Wirtschaft &amp; Medien GmbH, Hamburg<\/p>\n\n\n\n<p><strong>2004-2012<\/strong><\/p>\n\n\n\n<p>Study and Project Coordination, Data Management, Statistics &amp; Co<\/p>\n\n\n\n<p>Universit\u00e4tsklinikum Freiburg<\/p>\n\n\n\n<p><strong>2005-2009<\/strong><\/p>\n\n\n\n<p>Psychological Counseling &amp; Accounting<\/p>\n\n\n\n<p>Headline, Rheinfelden<\/p>\n\n\n\n<p><strong>1999-2004\u00a0<\/strong><\/p>\n\n\n\n<p>Research Assistant<\/p>\n\n\n\n<p>University of Freiburg, Dept. of Neuropsychology<\/p>","protected":false},"excerpt":{"rendered":"<p>Professor f\u00fcr Forschungsmethoden und Allgemeine Psychologie 2011-2012 Promotion, Dr. phil. &#8211; Psychologie, Albert-Ludwigs-Universit\u00e4t Freiburg 1996-2003 Diplomstudium Psychologie, Albert-Ludwigs-Universit\u00e4t Freiburg 1991-1994 Berufsausbildung &#8211; Hotelfachmann, Hotel zum Roten B\u00e4ren (Freiburg) seit 2015 [&hellip;]<\/p>\n","protected":false},"author":1,"featured_media":0,"parent":0,"menu_order":0,"comment_status":"closed","ping_status":"closed","template":"","meta":{"_eb_attr":"","rop_custom_images_group":[],"rop_custom_messages_group":[],"rop_publish_now":"initial","rop_publish_now_accounts":[],"rop_publish_now_history":[],"rop_publish_now_status":"pending","footnotes":""},"_links":{"self":[{"href":"https:\/\/skip-institut.de\/en\/wp-json\/wp\/v2\/pages\/253851"}],"collection":[{"href":"https:\/\/skip-institut.de\/en\/wp-json\/wp\/v2\/pages"}],"about":[{"href":"https:\/\/skip-institut.de\/en\/wp-json\/wp\/v2\/types\/page"}],"author":[{"embeddable":true,"href":"https:\/\/skip-institut.de\/en\/wp-json\/wp\/v2\/users\/1"}],"replies":[{"embeddable":true,"href":"https:\/\/skip-institut.de\/en\/wp-json\/wp\/v2\/comments?post=253851"}],"version-history":[{"count":1,"href":"https:\/\/skip-institut.de\/en\/wp-json\/wp\/v2\/pages\/253851\/revisions"}],"predecessor-version":[{"id":253856,"href":"https:\/\/skip-institut.de\/en\/wp-json\/wp\/v2\/pages\/253851\/revisions\/253856"}],"wp:attachment":[{"href":"https:\/\/skip-institut.de\/en\/wp-json\/wp\/v2\/media?parent=253851"}],"curies":[{"name":"wp","href":"https:\/\/api.w.org\/{rel}","templated":true}]}}