{"id":253861,"date":"2024-03-05T19:59:36","date_gmt":"2024-03-05T18:59:36","guid":{"rendered":"https:\/\/skip-institut.de\/?page_id=253861"},"modified":"2025-08-05T12:55:38","modified_gmt":"2025-08-05T10:55:38","slug":"benjamin-seidel","status":"publish","type":"page","link":"https:\/\/skip-institut.de\/en\/benjamin-seidel","title":{"rendered":"Benjamin Seidel"},"content":{"rendered":"<p>Gesch\u00e4ftsf\u00fchrender Vorstandsvorsitzender <br>E-Mail: : b.seidel@skip-institut.de<\/p>\n\n\n\n<p>Dipl.-Designer<\/p>\n\n\n\n<p>\u2013 Self-employed since 2007 with a focus on:<\/p>\n\n\n\n<p>Development of didactic concepts for 360\u00b0 media, among others<\/p>\n\n\n\n<p>Application of didactics in various media such as film and VR\/AR applications<\/p>\n\n\n\n<p>Film production: Image film \/ Training films \/ 360\u00b0 film production<\/p>\n\n\n\n<p>Initiator of ideas for the development of complex topics\/projects<\/p>\n\n\n\n<p>Knowledge broker in the field of film production, digitisation and the development\/implementation of digital media<\/p>\n\n\n\n<p>\u2013 04\/2014 Co-founder and one of two managing directors of twinC GmbH, an agency for knowledge transfer with virtual reality and 360\u00b0<\/p>\n\n\n\n<p>\u2013 Since 2024 as a managing partner in full-time employment at twinC with the following areas of activity:<\/p>\n\n\n\n<p>\u2013 Development and production (film production and directing)<\/p>\n\n\n\n<p>\u2013 Management of the operational and creative department<\/p>\n\n\n\n<p>\u2013 Development of ideas\/concepts and visions<\/p>\n\n\n\n<p>\u2013 Project management<\/p>\n\n\n\n<p>\u2013 Speaker of various workshop series and lectures<\/p>\n\n\n\n<p>01\/2021 Acquisition and integration of the VR STUDIO from Mobfish, an authoring tool that allows the creation of VR\/360\u00b0 applications without the need for programming skills.&nbsp;<\/p>\n\n\n\n<p>From 2002 to 2007 he studied at the University of Applied Sciences D\u00fcsseldorf with a focus on communication in moving media and didactic information systems. Preparation and development of advertising films and presentation of navigation systems and travel guides in digital form<\/p>\n\n\n\n<p>2000 \u2013 2002 Apprenticeship as a media designer<\/p>\n\n\n\n<p><\/p>","protected":false},"excerpt":{"rendered":"<p>Gesch\u00e4ftsf\u00fchrender Vorstandsvorsitzender E-Mail: : b.seidel@skip-institut.de Dipl.-Designer &#8211; Seit 2007 in der Selbst\u00e4ndigkeit mit den Schwerpunkten: Entwicklung didaktischer Konzepte unter anderem f\u00fcr 360\u00b0 Medien Anwendung von Didaktik in diversen Medien wie [&hellip;]<\/p>\n","protected":false},"author":1,"featured_media":0,"parent":0,"menu_order":0,"comment_status":"closed","ping_status":"closed","template":"","meta":{"_eb_attr":"","rop_custom_images_group":[],"rop_custom_messages_group":[],"rop_publish_now":"initial","rop_publish_now_accounts":[],"rop_publish_now_history":[],"rop_publish_now_status":"pending","footnotes":""},"_links":{"self":[{"href":"https:\/\/skip-institut.de\/en\/wp-json\/wp\/v2\/pages\/253861"}],"collection":[{"href":"https:\/\/skip-institut.de\/en\/wp-json\/wp\/v2\/pages"}],"about":[{"href":"https:\/\/skip-institut.de\/en\/wp-json\/wp\/v2\/types\/page"}],"author":[{"embeddable":true,"href":"https:\/\/skip-institut.de\/en\/wp-json\/wp\/v2\/users\/1"}],"replies":[{"embeddable":true,"href":"https:\/\/skip-institut.de\/en\/wp-json\/wp\/v2\/comments?post=253861"}],"version-history":[{"count":3,"href":"https:\/\/skip-institut.de\/en\/wp-json\/wp\/v2\/pages\/253861\/revisions"}],"predecessor-version":[{"id":253992,"href":"https:\/\/skip-institut.de\/en\/wp-json\/wp\/v2\/pages\/253861\/revisions\/253992"}],"wp:attachment":[{"href":"https:\/\/skip-institut.de\/en\/wp-json\/wp\/v2\/media?parent=253861"}],"curies":[{"name":"wp","href":"https:\/\/api.w.org\/{rel}","templated":true}]}}