{"id":253932,"date":"2024-09-14T16:46:43","date_gmt":"2024-09-14T14:46:43","guid":{"rendered":"https:\/\/skip-institut.de\/?page_id=253932"},"modified":"2024-09-14T16:46:43","modified_gmt":"2024-09-14T14:46:43","slug":"thorsten-hansen","status":"publish","type":"page","link":"https:\/\/skip-institut.de\/en\/thorsten-hansen","title":{"rendered":"Thorsten Hansen"},"content":{"rendered":"<p>Diploma in Business Administration<\/p>\n\n\n\n<p>Since 2017 <\/p>\n\n\n\n<p>ViaR GmbH, K\u00f6ln<\/p>\n\n\n\n<p>Founder \/ Managing Director<\/p>\n\n\n\n<p>ViaR implements and markets solutions in the business customer sector based on virtual reality and augmented reality.<\/p>\n\n\n\n<p>2012 &#8211; 2016<\/p>\n\n\n\n<p>Business Development\/Interim, K\u00f6ln<\/p>\n\n\n\n<p>2010 &#8211; 2012<\/p>\n\n\n\n<p>ExtraEnergie GmbH, Neuss<\/p>\n\n\n\n<p>Director Marketing and Sales<\/p>\n\n\n\n<p>2008 &#8211; 2009<\/p>\n\n\n\n<p>Clevergy GmbH &amp; Co.KG, Leipzig<\/p>\n\n\n\n<p>2006 &#8211; 2008<\/p>\n\n\n\n<p>Deutsche Breitband Dienste GmbH, Heidelberg<\/p>\n\n\n\n<p>Direktor Marketing<\/p>\n\n\n\n<p>2002 &#8211; 2006<\/p>\n\n\n\n<p>Marketing-Consultant, D\u00fcsseldorf<\/p>\n\n\n\n<p>1998 &#8211; 2002<\/p>\n\n\n\n<p>O.TEL.O GmbH, K\u00f6ln<\/p>\n\n\n\n<p>Head of Marketing Communication &amp; Services<\/p>\n\n\n\n<p>1994 &#8211; 1997<\/p>\n\n\n\n<p>T-MOBIL GmbH, Bonn<\/p>\n\n\n\n<p>Head of Prepaid Products<\/p>\n\n\n\n<p>1991 &#8211; 1994<\/p>\n\n\n\n<p>GREY GmbH &amp; Co. KG, D\u00fcsseldorf<\/p>\n\n\n\n<p>Senior Marketing Consultant<\/p>","protected":false},"excerpt":{"rendered":"<p>Diplomkaufmann, K\u00f6ln Seit 2017: ViaR GmbH, K\u00f6ln Gr\u00fcnder \/ Gesch\u00e4ftsf\u00fchrer ViaR realisiert und vermarktet L\u00f6sungen im Gesch\u00e4ftskundenbereich auf Basis von Virtual Reality und Augmented Reality. 2012 &#8211; 2016 Business Development\/Interim, [&hellip;]<\/p>\n","protected":false},"author":1,"featured_media":0,"parent":0,"menu_order":0,"comment_status":"closed","ping_status":"closed","template":"","meta":{"_eb_attr":"","rop_custom_images_group":[],"rop_custom_messages_group":[],"rop_publish_now":"initial","rop_publish_now_accounts":[],"rop_publish_now_history":[],"rop_publish_now_status":"pending","footnotes":""},"_links":{"self":[{"href":"https:\/\/skip-institut.de\/en\/wp-json\/wp\/v2\/pages\/253932"}],"collection":[{"href":"https:\/\/skip-institut.de\/en\/wp-json\/wp\/v2\/pages"}],"about":[{"href":"https:\/\/skip-institut.de\/en\/wp-json\/wp\/v2\/types\/page"}],"author":[{"embeddable":true,"href":"https:\/\/skip-institut.de\/en\/wp-json\/wp\/v2\/users\/1"}],"replies":[{"embeddable":true,"href":"https:\/\/skip-institut.de\/en\/wp-json\/wp\/v2\/comments?post=253932"}],"version-history":[{"count":1,"href":"https:\/\/skip-institut.de\/en\/wp-json\/wp\/v2\/pages\/253932\/revisions"}],"predecessor-version":[{"id":253933,"href":"https:\/\/skip-institut.de\/en\/wp-json\/wp\/v2\/pages\/253932\/revisions\/253933"}],"wp:attachment":[{"href":"https:\/\/skip-institut.de\/en\/wp-json\/wp\/v2\/media?parent=253932"}],"curies":[{"name":"wp","href":"https:\/\/api.w.org\/{rel}","templated":true}]}}