{"id":253942,"date":"2024-10-27T09:42:02","date_gmt":"2024-10-27T08:42:02","guid":{"rendered":"https:\/\/skip-institut.de\/?page_id=253942"},"modified":"2024-10-27T09:42:02","modified_gmt":"2024-10-27T08:42:02","slug":"prof-dr-kim-marie-bischoff","status":"publish","type":"page","link":"https:\/\/skip-institut.de\/en\/prof-dr-kim-marie-bischoff","title":{"rendered":"Prof. Dr. Kim Marie Bischoff"},"content":{"rendered":"<p>Professor of Business Psychology and Intercultural Management<\/p>\n\n\n\n<p>20 years of experience as a consultant, trainer and coach with a focus on psychological topics as well as entrepreneurship, proactivity and intercultural competence.<\/p>\n\n\n\n<p>Founder and Managing Director of the non-profit company move gGmbH<\/p>\n\n\n\n<p>since December 2015<\/p>\n\n\n\n<p><strong>Managing Director Partner and Founder<\/strong><\/p>\n\n\n\n<p>move gGmbH Entrepreneurship Training Institute<\/p>\n\n\n\n<p><a href=\"https:\/\/move-eti.com\">https:\/\/move-eti.com<\/a><\/p>\n\n\n\n<p>since October 2007<\/p>\n\n\n\n<p><strong>Consultant, Trainerin, Coach<\/strong><\/p>\n\n\n\n<p>Example projects:<\/p>\n\n\n\n<ul>\n<li>Consultant, Trainer &amp; Coach for Proactivity Management (<a href=\"https:\/\/proactivity-management.com\/\">https:\/\/proactivity-management.com\/<\/a>)<\/li>\n\n\n\n<li>Trainer for psychological topics (including personality, intelligence, learning, diagnostic questions), ORTOLAN Academy, Mannheim (Germany)<\/li>\n\n\n\n<li>Trainer for intercultural competence for Panacea 4U Ltd., Hamburg (Germany) and MediClin, Offenburg (Germany)<\/li>\n\n\n\n<li>Coach for founders and start-up teams for hannoverimpuls GmbH (Germany)<\/li>\n\n\n\n<li>Lead project manager and trainer in the project \"Student Training for Entrepreneurial Promotion (STEP)\" for the Leuphana University of L\u00fcneburg, L\u00fcneburg (Germany)<\/li>\n\n\n\n<li>Consultant for the Credit Union Association in Accra (Ghana) for the Sparkassenstiftung f\u00fcr internationale Zusammenarbeit e.V., Bonn (Germany)<\/li>\n\n\n\n<li>Consultant for the project \"Mujeres Moviendo M\u00e9xico\" in Mexico City for CREA Comunidades de Emprendedores Sociales, A.C., Mexico City (Mexico) in cooperation with the World Bank, Washington, D.C. (USA)<\/li>\n<\/ul>\n\n\n\n<p>May 2017 \u2013 December 2023<\/p>\n\n\n\n<p><strong>Vice Dean for the Faculty of Business &amp; Media in Berlin<\/strong><\/p>\n\n\n\n<p>Hochschule Fresenius GmbH<\/p>\n\n\n\n<p>August 2020 \u2013 July 2021<\/p>\n\n\n\n<p><strong>Academic Director of the onlineplus department in Berlin<\/strong><\/p>\n\n\n\n<p>Hochschule Fresenius GmbH<\/p>\n\n\n\n<p>September 2016 \u2013 August 2024<\/p>\n\n\n\n<p><strong>Professor &amp; Dean of Studies for various courses of study in the Faculty of Business &amp; Media<\/strong><\/p>\n\n\n\n<p>Hochschule Fresenius GmbH<\/p>\n\n\n\n<p>June 2010 \u2013 September 2016<\/p>\n\n\n\n<p><strong>Lecturer in Bachelor's and Master's Degree Programs<\/strong><\/p>\n\n\n\n<p>FOM University of Applied Sciences for Economics &amp; Management, Fresenius University of Applied Sciences GmbH and Leuphana University of L\u00fcneburg<\/p>\n\n\n\n<p>December 2010 \u2013 December 2013<\/p>\n\n\n\n<p><strong>PhD Scholarship Holder<\/strong><\/p>\n\n\n\n<p>Leuphana University of L\u00fcneburg<\/p>\n\n\n\n<p>June 2010 \u2013 November 2010<\/p>\n\n\n\n<p><strong>Research Assistant<\/strong><\/p>\n\n\n\n<p>Institute for Empirical and Applied Social Research e.V. of the Justus Liebig University Giessen<\/p>\n\n\n\n<p>May 2007 \u2013 December 2007<\/p>\n\n\n\n<p><strong>Project Manager in Executive Search and Selection<\/strong><br><br>etecConsult GmbH, Wettenberg (Germany) and Seeker HR Consulting, Shanghai (China)<\/p>\n\n\n\n<p>August 2006 \u2013 Februar 2007<\/p>\n\n\n\n<p><strong>Project Manager in Executive Search and Selection<\/strong><\/p>\n\n\n\n<p>The Human Angle, Media City, Dubai (United Arab Emirates)<\/p>\n\n\n\n<p>August 2005 \u2013 March 2006<\/p>\n\n\n\n<p><strong>Assistant in sports marketing<\/strong><\/p>\n\n\n\n<p>NIKE Germany GmbH<\/p>\n\n\n\n<p>June 2002 \u2013 August 2002<\/p>\n\n\n\n<p><strong>Assistant in Executive Training<\/strong><\/p>\n\n\n\n<p>Pluspunkt GmbH, Senden (Deutschland)<\/p>\n\n\n\n<p><\/p>\n\n\n\n<p><em>COURSE OF EDUCATION<\/em><\/p>\n\n\n\n<p>December 2010 \u2013 November 2015<\/p>\n\n\n\n<p><strong>Doctorate (Dr. phil.)<\/strong><\/p>\n\n\n\n<p>Title: \u201eEntrepreneurship Training in Developing Countries: Action-Oriented Entrepreneurship Training and its Role for Capital Requirements in Business Creation\u201c<\/p>\n\n\n\n<p>Leuphana University of L\u00fcneburg<\/p>\n\n\n\n<p>Oktober 2002 \u2013 June 2010<\/p>\n\n\n\n<p><strong>Studies (Diploma in Psychology)<\/strong><\/p>\n\n\n\n<p>Justus-Liebig-Universit\u00e4t, Gie\u00dfen<\/p>\n\n\n\n<p><\/p>\n\n\n\n<p><em>PRIZES, AWARDS, NOMINATIONS<\/em><\/p>\n\n\n\n<p>June 2015<\/p>\n\n\n\n<p><strong>Winner of the social entrepreneurship competition of the business magazine \"enorm\" (now Global Impact)<\/strong><\/p>\n\n\n\n<p>Social Publish Verlag 2010 GmbH<\/p>\n\n\n\n<p>May 2013<\/p>\n\n\n\n<p><strong>Nomination for \"Best Paper Award of the EAWOP Congress 2013\"<\/strong><\/p>\n\n\n\n<p>16th Congress of European Association of Work and Organizational Psychology (EAWOP)<\/p>","protected":false},"excerpt":{"rendered":"<p>Professorin f\u00fcr Wirtschaftspsychologie und Interkulturelles Management 20 Jahre Erfahrung als Consultant, Trainerin und Coach mit einem Schwerpunkt auf psychologische Themen sowie Entrepreneurship, Proaktivit\u00e4t und Interkulturelle Kompetenz. Gr\u00fcnderin und Gesch\u00e4ftsf\u00fchrerin des [&hellip;]<\/p>\n","protected":false},"author":1,"featured_media":0,"parent":0,"menu_order":0,"comment_status":"closed","ping_status":"closed","template":"","meta":{"_eb_attr":"","rop_custom_images_group":[],"rop_custom_messages_group":[],"rop_publish_now":"initial","rop_publish_now_accounts":[],"rop_publish_now_history":[],"rop_publish_now_status":"pending","footnotes":""},"_links":{"self":[{"href":"https:\/\/skip-institut.de\/en\/wp-json\/wp\/v2\/pages\/253942"}],"collection":[{"href":"https:\/\/skip-institut.de\/en\/wp-json\/wp\/v2\/pages"}],"about":[{"href":"https:\/\/skip-institut.de\/en\/wp-json\/wp\/v2\/types\/page"}],"author":[{"embeddable":true,"href":"https:\/\/skip-institut.de\/en\/wp-json\/wp\/v2\/users\/1"}],"replies":[{"embeddable":true,"href":"https:\/\/skip-institut.de\/en\/wp-json\/wp\/v2\/comments?post=253942"}],"version-history":[{"count":1,"href":"https:\/\/skip-institut.de\/en\/wp-json\/wp\/v2\/pages\/253942\/revisions"}],"predecessor-version":[{"id":253944,"href":"https:\/\/skip-institut.de\/en\/wp-json\/wp\/v2\/pages\/253942\/revisions\/253944"}],"wp:attachment":[{"href":"https:\/\/skip-institut.de\/en\/wp-json\/wp\/v2\/media?parent=253942"}],"curies":[{"name":"wp","href":"https:\/\/api.w.org\/{rel}","templated":true}]}}