{"id":48700,"date":"2016-06-23T11:39:14","date_gmt":"2016-06-23T11:39:14","guid":{"rendered":"http:\/\/skip-institut.de\/?page_id=48700"},"modified":"2025-05-18T15:24:27","modified_gmt":"2025-05-18T13:24:27","slug":"start","status":"publish","type":"page","link":"https:\/\/skip-institut.de\/en\/","title":{"rendered":"skip Institute"},"content":{"rendered":"<p style=\"font-weight: 400;\">Als <strong>skip Institute<\/strong>, angesiedelt an der renommierten <strong>Hochschule Fresenius<\/strong>, engagieren wir uns in der gemeinn\u00fctzigen Forschung zur <strong>wissenschaftlichen<\/strong> and <strong>experimentellen<\/strong> <strong>Visualisierung<\/strong> komplexer, oft unsichtbarer oder abstrakter Themenbereiche.<br \/>Unsere Arbeit umfasst die konzeptionelle und technische Darstellung vielf\u00e4ltiger Themen, von Lebensstilen und Umweltzust\u00e4nden bis hin zu innovativen Gesch\u00e4ftsmodellen und zukunftsorientierten Produkten.<\/p>\n<p style=\"font-weight: 400;\">Unser Hauptanliegen ist es, Entscheidungstr\u00e4ger und Anwender im Bereich der experimentellen und prototypischen k\u00fcnstlichen Intelligenz (KI), Virtual &amp; Augmented Reality (VR\/AR), 3D-Technologien und 360\u00b0-Visualisierungen zu unterst\u00fctzen. Es werden ma\u00dfgeschneiderte L\u00f6sungen erforscht und angeboten, um Investitionen in KI und virtuellen Simulationen effektiv zu leiten und um hohe inhaltliche sowie technische Standards in der Branche zu gew\u00e4hrleisten. Zu unseren Dienstleistungen geh\u00f6ren:<\/p>\n<p>\u00a0&#8211; Entwicklung von KI, VR, AR und 360\u00b0-Konzepten, die auf spezifische unternehmerische\u00a0\u00a0 <br \/>\u00a0\u00a0 Herausforderungen zugeschnitten sind<\/p>\n<p>&#8211; Prototypenentwicklung zur Testung von Konzepten<\/p>\n<p>\u2013 Customized studies for the evaluation and evaluation of projects<\/p>\n<p>\u2013 Practice-oriented recommendations for action for the implementation of concepts<\/p>\n<p>\u2013 Development of specific action plans for final production<\/p>\n<p>\u2013 Conduct measurements and evaluations to ensure project effectiveness<\/p>\n<p>&#8211; Beratung und Unterst\u00fctzung bei Projekten im Bereich der KI und virtuellen Simulation<\/p>\n<p>&#8211; Zertifizierung der Effizienz und Wirksamkeit von Konzepten und Prototypen<\/p>\n<p>\u2013 Issuance of a quality seal for funding applications, competitions and PR purposes<\/p>\n<p>\u2013 Providing references and professional recommendations<\/p>\n<p class=\"translation-block\">In cooperation with our official partner and member, twinC GmbH, we combine technical, scientific and conceptual expertise to fully exploit the possibilities of new visual technologies and adapt them specifically to the needs of users.<\/p>\n\n\n<h2 class=\"wp-block-heading\">Wir sind dabei &#8211; skip auf der XR-Landscape der K\u00f6lnBusiness<\/h2>\n\n\n\n<figure class=\"wp-block-image size-large\"><img loading=\"lazy\" decoding=\"async\" width=\"1024\" height=\"582\" src=\"https:\/\/skip-institut.de\/wp-content\/uploads\/2025\/05\/Landscape_XR_DE-1024x582.png\" alt=\"\" class=\"wp-image-253983\" srcset=\"https:\/\/skip-institut.de\/wp-content\/uploads\/2025\/05\/Landscape_XR_DE-1024x582.png 1024w, https:\/\/skip-institut.de\/wp-content\/uploads\/2025\/05\/Landscape_XR_DE-300x170.png 300w, https:\/\/skip-institut.de\/wp-content\/uploads\/2025\/05\/Landscape_XR_DE-768x436.png 768w, https:\/\/skip-institut.de\/wp-content\/uploads\/2025\/05\/Landscape_XR_DE-18x10.png 18w, https:\/\/skip-institut.de\/wp-content\/uploads\/2025\/05\/Landscape_XR_DE-48x27.png 48w, https:\/\/skip-institut.de\/wp-content\/uploads\/2025\/05\/Landscape_XR_DE-36x20.png 36w, https:\/\/skip-institut.de\/wp-content\/uploads\/2025\/05\/Landscape_XR_DE.png 1294w\" sizes=\"(max-width: 1024px) 100vw, 1024px\" \/><\/figure>","protected":false},"excerpt":{"rendered":"<p>Als skip Institut, angesiedelt an der renommierten Hochschule Fresenius, engagieren wir uns in der gemeinn\u00fctzigen Forschung zur wissenschaftlichen und experimentellen Visualisierung komplexer, oft unsichtbarer oder abstrakter Themenbereiche.Unsere Arbeit umfasst die [&hellip;]<\/p>\n","protected":false},"author":1,"featured_media":0,"parent":0,"menu_order":1,"comment_status":"closed","ping_status":"closed","template":"","meta":{"_eb_attr":"","rop_custom_images_group":[],"rop_custom_messages_group":[],"rop_publish_now":"initial","rop_publish_now_accounts":[],"rop_publish_now_history":[],"rop_publish_now_status":"pending","footnotes":""},"_links":{"self":[{"href":"https:\/\/skip-institut.de\/en\/wp-json\/wp\/v2\/pages\/48700"}],"collection":[{"href":"https:\/\/skip-institut.de\/en\/wp-json\/wp\/v2\/pages"}],"about":[{"href":"https:\/\/skip-institut.de\/en\/wp-json\/wp\/v2\/types\/page"}],"author":[{"embeddable":true,"href":"https:\/\/skip-institut.de\/en\/wp-json\/wp\/v2\/users\/1"}],"replies":[{"embeddable":true,"href":"https:\/\/skip-institut.de\/en\/wp-json\/wp\/v2\/comments?post=48700"}],"version-history":[{"count":135,"href":"https:\/\/skip-institut.de\/en\/wp-json\/wp\/v2\/pages\/48700\/revisions"}],"predecessor-version":[{"id":253985,"href":"https:\/\/skip-institut.de\/en\/wp-json\/wp\/v2\/pages\/48700\/revisions\/253985"}],"wp:attachment":[{"href":"https:\/\/skip-institut.de\/en\/wp-json\/wp\/v2\/media?parent=48700"}],"curies":[{"name":"wp","href":"https:\/\/api.w.org\/{rel}","templated":true}]}}