{"id":48721,"date":"2016-06-25T13:37:44","date_gmt":"2016-06-25T13:37:44","guid":{"rendered":"http:\/\/skip-institut.de\/?page_id=48721"},"modified":"2025-05-18T14:01:36","modified_gmt":"2025-05-18T12:01:36","slug":"aktuelle-projekte","status":"publish","type":"page","link":"https:\/\/skip-institut.de\/en\/aktuelle-projekte","title":{"rendered":"Aktuelle Projekte"},"content":{"rendered":"<div class=\"stage-content\">\n<div class=\"content-inner\">\n<h1 class=\"wp-block-heading has-h-1-large-font-size\">KI trifft Bildung: Ist Deutschland bereit?<\/h1>\n<p><strong>Wann: <\/strong>4. Juni 2025 | ab 15:00 Uhr<br \/>\n<strong>Wo: <\/strong>Atrium | Hochschule Fresenius K\u00f6ln | Im MediaPark 4 E, Etage E2<br \/>\n<strong>Veranstalter:<\/strong> Hochschule Fresenius, skip Institut | GmKI e.V.<\/p>\n<\/div>\n<\/div>\n<p><span class=\"break-words          tvm-parent-container\"><span dir=\"ltr\">Das skip Institut und das GmKI e.V. veranstaltet an der Hochschule Fresenius im Media Park K\u00f6ln, ein besonderes und aktuelles Event zum Thema Bildungslandschaft Deutschland. Wie weit sind wir technologisch und vor allem mit KI? Macht es Sinn und was macht Sinn? Viele Fragen die zum Teil von Masterstudierenden durch aktuelle Ergebnisse kanalisiert werden und von den Top-Panel G\u00e4sten diskutiert werden. K\u00fcnstliche Intelligenz ver\u00e4ndert unsere Welt \u2013 rasant und tiefgreifend. Aber was bedeutet das f\u00fcr unsere Schulen, Hochschulen und unser Bildungssystem insgesamt?<br \/>\nDiese und weitere Fragen verfolgen Masterstudierende und Top-Panelg\u00e4ste, <a id=\"ember1399\" class=\"ember-view\" href=\"https:\/\/www.linkedin.com\/in\/sabine-mistler-177931283\/\">Sabine Mistler<\/a>, Monika L\u00f6ber, <a id=\"ember1400\" class=\"ember-view\" href=\"https:\/\/www.linkedin.com\/in\/robert-koetter-science\/\">Robert K\u00f6tter<\/a>, <a id=\"ember1401\" class=\"ember-view\" href=\"https:\/\/www.linkedin.com\/in\/stephanie-heinecke\/\">Prof. Dr. Stephanie Heinecke<\/a>, Moderation: <a id=\"ember1402\" class=\"ember-view\" href=\"https:\/\/www.linkedin.com\/in\/lierfeld\/\">Dr. Karl Johannes Lierfeld<\/a> mit Ergebnispr\u00e4sentationen und interessanten Diskussionen zum relevanten Thema unsere Zeit.<br \/>\nWir freuen uns auf euch&#8230;4.6.25 von 15-18Uhr mit anschl. Get Together<br \/>\nWir freuen uns auf euch&#8230;Hier anmelden und dabei sein:<br \/>\n<a href=\"https:\/\/www.hs-fresenius.de\/ki-event\/\">https:\/\/www.hs-fresenius.de\/ki-event\/<\/a><br \/>\n<\/span><\/span><\/p>\n<p>Das <em>Digital Psychology &amp; Simulation Sciences <\/em>&#8211; kurz DPSS &#8211; Fachjournal steht in den Startl\u00f6chern und wird wahrscheinlich im 3. Quartal 2019 seine Erstausgabe feiern.<\/p>\n<p>Unser DIP Projekt hat signifikante Unterschiede bei einer von zwei B.A. Studenten initiierten Studie feststellen k\u00f6nnen, was die Lernerfahrung zu herk\u00f6mmlichen 2D Lehrvideos und einer 3D VR Experience betrifft. Mehr dazu auf <a href=\"http:\/\/www.vrdip.de\/aktuelles\">http:\/\/www.vrdip.de\/aktuell<\/a><\/p>\n<p>Das Diversity Projekt in enger Zusammenarbeit mit dem Amt f\u00fcr Integration und Diversit\u00e4t in K\u00f6ln befindet sich in der Entwicklungsphase und wird es zuk\u00fcnftig F\u00fchrungskr\u00e4ften m\u00f6glich machen, sich mit ihren eigenen Vorurteilen, beispielsweise bei Bewerbungsgespr\u00e4chen, auseinandersetzen zu m\u00fcssen.<\/p>\n<p>Das mit der Hochschulperle des Monats April vom deutschen Stifterverband der deutschen Wissenschaft und vom Deutschen Institut f\u00fcr Virtual Reality, jeweils ausgezeichnete VR-Projekt f\u00fcr Fl\u00fcchtlinge erreicht viel Resonanz in der \u00d6ffentlichkeit und in der Politik.<\/p>\n<p>Leo Meissner, student of 3D Design &amp; Management, will realize the project \"Orbit\" with the skip institute as part of his bachelor thesis.<br \/>\nOrbit will be a 3D database as an app that visualizes possible movement and encounter patterns of individual people in 3D and will be available to science as a database.<\/p>\n<p>Mit dem Unternehmen GFOS aus Essen entwickeln das skip Institut unter der Leitung von Ulla Coester mit Studenten eine Augmented Reality App zur Kontrolle und \u00dcberwachung von Industrieprozessen. Das Projekt wird mit \u20ac15.000,00 von GFOS gef\u00f6rdert.<\/p>","protected":false},"excerpt":{"rendered":"<p>KI trifft Bildung: Ist Deutschland bereit? Wann: 4. Juni 2025 | ab 15:00 Uhr Wo: Atrium | Hochschule Fresenius K\u00f6ln | Im MediaPark 4 E, Etage E2 Veranstalter: Hochschule Fresenius, [&hellip;]<\/p>\n","protected":false},"author":1,"featured_media":0,"parent":0,"menu_order":0,"comment_status":"closed","ping_status":"closed","template":"","meta":{"_eb_attr":"","rop_custom_images_group":[],"rop_custom_messages_group":[],"rop_publish_now":"initial","rop_publish_now_accounts":[],"rop_publish_now_history":[],"rop_publish_now_status":"pending","footnotes":""},"_links":{"self":[{"href":"https:\/\/skip-institut.de\/en\/wp-json\/wp\/v2\/pages\/48721"}],"collection":[{"href":"https:\/\/skip-institut.de\/en\/wp-json\/wp\/v2\/pages"}],"about":[{"href":"https:\/\/skip-institut.de\/en\/wp-json\/wp\/v2\/types\/page"}],"author":[{"embeddable":true,"href":"https:\/\/skip-institut.de\/en\/wp-json\/wp\/v2\/users\/1"}],"replies":[{"embeddable":true,"href":"https:\/\/skip-institut.de\/en\/wp-json\/wp\/v2\/comments?post=48721"}],"version-history":[{"count":9,"href":"https:\/\/skip-institut.de\/en\/wp-json\/wp\/v2\/pages\/48721\/revisions"}],"predecessor-version":[{"id":253971,"href":"https:\/\/skip-institut.de\/en\/wp-json\/wp\/v2\/pages\/48721\/revisions\/253971"}],"wp:attachment":[{"href":"https:\/\/skip-institut.de\/en\/wp-json\/wp\/v2\/media?parent=48721"}],"curies":[{"name":"wp","href":"https:\/\/api.w.org\/{rel}","templated":true}]}}