{"id":48725,"date":"2016-06-25T13:40:03","date_gmt":"2016-06-25T11:40:03","guid":{"rendered":"http:\/\/skip-institut.de\/?page_id=48725"},"modified":"2025-05-18T15:44:42","modified_gmt":"2025-05-18T13:44:42","slug":"projekte","status":"publish","type":"page","link":"https:\/\/skip-institut.de\/en\/projekte","title":{"rendered":"Science and studies"},"content":{"rendered":"<p>The projects have been partly initiated and realised to support students from various degree programmes at Fresenius University of Applied Sciences. Through practical and scientifically supported methodology, the participants gain very good insights and experience in professional and scientific work.<\/p>\n<p><strong>2024-25\u00a0 <br \/>Promentia Projekt<\/strong><br \/>Abstract: Entwicklung eines modularen VR-Systems zur Verbesserung der Lebensqualit\u00e4t von Demenzpatienten durch individualisierbare multisensorische Stimulation erg\u00e4nzt durch ein DIY-Kit f\u00fcr Angeh\u00f6rige zur Er-stellung von 360\u00b0 VR-Botschaften zur F\u00f6rderung der Teilhabe.<\/p>\n<p><strong>skip auf der <a href=\"\/en\/_wp_link_placeholder\/\" data-wplink-edit=\"true\">Digital-X<\/a><\/strong> <br \/>Das skip Institut konnte auf der Digital-X im September 2024 mit einem Masterclass das aktualisierte vr <a href=\"https:\/\/www.vrdip.de\/\">Digital Integration Project<\/a> (vrDIP) vorstellen und bei dem interessierten Publikum eine interessante und aufschlussreiche Debatte zur Dringlichkeit des digitalen und VR-Einsatzes bei Integrationsma\u00dfnahmen eindeutig vermitteln.<\/p>\n<p><strong>Stadt K\u00f6ln Diversity Projekt &#8211; Fortsetzung<\/strong><\/p>\n<p><strong>2022-23<br \/>Studie zur Akzeptanz von VR bei Senioren<br \/><\/strong>Es gibt zwar eine Reihe an Besonderheiten, die die Zielgruppe mit sich bringt, jedoch haben die Befragten einheitlich gro\u00dfes Vertrauen in die Technologie gezeigt. Auch die gezeigten Inhalte haben positive Resonanz hervorgerufen, woraus sich schlie\u00dfen l\u00e4sst, dass der Einsatz von VR auch bei Personengruppen ohne Vorerfahrung entspannend wirken kann.<\/p>\n<p><strong>2020-21\u00a0 \u00a0\u00a0<br \/><\/strong>At Dortmund Hospital, a small study prompted the possible development of a pre-operative VR simulation to help older patients minimise their risk of falling and injury after an operation.  The digital training could also alleviate fears and concerns before the operation.<\/p>\n<p><strong>2020\u00a0 \u00a0 \u00a0 \u00a0 <br \/><\/strong>In cooperation with the Association of Volksbanken Raiffeisenbanken, a varied introduction on a digital level via VR is being created for future employees. The initially digital introduction is intended to provide trainees with an easier and more interesting start in banking so that they can familiarise themselves with the Volksbanken Raiffeisenbanken in times of digital change.\u00a0<\/p>\n<p class=\"translation-block\"><strong>2019-20<\/strong> Diversity project in cooperation with the City of Cologne. What prejudices do we harbour and how can we rethink them? With the help of VR technology, new methods are being tested with the Office for Integration and Diversity to get to know <em>Unconscious Bias<\/em> in virtual worlds.<\/p>\n<p class=\"translation-block\"><strong>2018-21 <\/strong>Digital Integration Project (DIP for short) - the <a href=\"http:\/\/www.vrdip.de\" target=\"_self\">Virtual Reality Study to support the integration of refugees<\/a> is implemented virtually through \"everyday scenarios\" with significant differences to traditional learning methods. Libraries in the state of NRW are joining forces to participate in the study. The application will not only be applicable locally, but a mobile version will also be developed.<\/p>\n<p><strong>2018\u00a0<\/strong> \u00a0\u00a0\u00a0\u00a0\u00a0 <br \/>Orbit \"Hits and Misses\" database (experimental development - semester project for the time being). The project \"ORBIT - Hits &amp; Misses\" describes an online survey for a 3D database. It is about the individual life path of a single person and its intersection with another life path. Data is to be collected to map the movement of people both spatially and temporally as a 3D network. Project management <a href=\"http:\/\/skip-institut.de\/en\/christopher-wickenden\/\">Prof. Chris Wickenden.<\/a><\/p>\n<p><strong>2018\u00a0 <\/strong>\u00a0\u00a0\u00a0\u00a0\u00a0 <br \/>Filmdocumentation and marketing of the <a href=\"http:\/\/www.theater-bonn.de\/spielplan\/gesamt\/event\/wir\/vc\/Veranstaltung\/va\/show\/\">theaterproject \"WIR?!\"<\/a> with the Stadtheater Bonn. Project management <a href=\"http:\/\/skip-institut.de\/en\/christopher-wickenden\/\">Prof. Chris Wickenden.<\/a><\/p>\n<p><strong>2018\u00a0\u00a0<\/strong>\u00a0\u00a0\u00a0\u00a0\u00a0 <br \/>Development of a VR learning platform for GFOS, Essen. Project management <a href=\"http:\/\/skip-institut.de\/en\/ulla-coester\/\">Ulla Coester<\/a><\/p>\n<p><strong>2018\u00a0\u00a0\u00a0\u00a0\u00a0\u00a0\u00a0 <br \/><\/strong>Continuation of \"VR Language and Culture Area\" under the name of <a href=\"https:\/\/vrdip.de\/\">&#8222;DIP \u2013 Digital Integration Project&#8220;<\/a> Project management <a href=\"http:\/\/skip-institut.de\/en\/christopher-wickenden\/\">Prof. Chris Wickenden.<\/a><\/p>\n<p><strong>2017<\/strong>\u00a0 \u00a0 \u00a0 \u00a0<br \/>TrendSafari<br \/>Realisation of the project to offer students of all courses the opportunity to conduct empirical studies and forecast future trends in different cities in Europe. Project management <a href=\"http:\/\/skip-institut.de\/en\/christopher-wickenden\/\">Prof. Chris Wickenden.<\/a><\/p>\n<p><strong>2017<\/strong>\u00a0\u00a0\u00a0\u00a0\u00a0\u00a0\u00a0 <br \/><a href=\"https:\/\/vrdip.de\/\">VR-language and culture<\/a><br \/>Development and realisation of a virtual reality space to promote the integration of refugees in Cologne.<br \/>Student project under the project management of <a href=\"http:\/\/skip-institut.de\/en\/christopher-wickenden\/\">Prof. Chris Wickenden.<\/a><\/p>\n<p><strong>2016 <\/strong>\u00a0 \u00a0 \u00a0 <br \/>Development of a concept for the identification of parameters for the measurement and 3D visualisation of company values. Scientific student project under the direction of <a href=\"http:\/\/skip-institut.de\/en\/christopher-wickenden\/\">Prof. Chris Wickenden.<\/a><\/p>\n<p><strong>2016<\/strong>\u00a0 \u00a0 \u00a0 \u00a0 <br \/>DatingApp<br \/>A 3D model and concept development for the identification of profile characteristics, which depicts a match of partner seekers as a 3D model and explains it in an animated way. The model is available as a 3D-printed version. Developed and produced by students of 3D Design &amp; Management and Media and Communication Management. Project management <a href=\"http:\/\/skip-institut.de\/en\/christopher-wickenden\/\">Prof. Chris Wickenden.<\/a><\/p>\n<p><strong>2016\u00a0\u00a0\u00a0\u00a0\u00a0\u00a0\u00a0\u00a0 <br \/><\/strong>Digital Teaching Day<br \/>Eine filmische Dokumentation des Events an der Hochschule Fresenius in K\u00f6ln. Von Studierenden der Studieng\u00e4nge 3D-Design &amp; Management, Medien- und Kommunikationsmanagement und Angewandte Medien. <\/p>\n<p><strong>2016\u00a0\u00a0\u00a0\u00a0\u00a0\u00a0\u00a0\u00a0 <br \/><\/strong>MusikApp<br \/>A concept for the development of a music app that identifies and maps personal musical tastes. Developed by students of Media and Communication Management (MKM) and Business Administration (BWL). Project management <a href=\"http:\/\/skip-institut.de\/en\/christopher-wickenden\/\">Prof. Chris Wickenden.<\/a><\/p>\n<p><strong>2015\u00a0\u00a0\u00a0\u00a0\u00a0\u00a0\u00a0\u00a0 <br \/><\/strong><a href=\"http:\/\/www.gewi-institut.de\/\" target=\"_blank\" rel=\"noopener noreferrer\">Institute for Health Economics<\/a><br \/>A film contribution on the topic of dementia. By students of the 3D Design &amp; Management course. Project management <a href=\"http:\/\/skip-institut.de\/en\/dieter-claus\/\">Dieter Claus.<\/a><\/p>\n<p><strong>2015\u00a0 \u00a0 \u00a0 \u00a0 \u00a0<br \/><\/strong>Belsana Clip <a href=\"https:\/\/www.youtube.com\/watch?v=63HDjzlg2XE\" target=\"_blank\" rel=\"noopener noreferrer\">\"The Attributes of Belsana\"<\/a> Ein Studentenprojekt des Studiengangs Angewandte Medien (AM)<\/p>\n<p><strong>2015-16\u00a0\u00a0\u00a0 <br \/><\/strong><a href=\"https:\/\/www.youtube.com\/watch?v=YyTEiEvzd7g\" target=\"_blank\" rel=\"noopener noreferrer\">3D Scan of the Cologne Cathedral<\/a><br \/>The Hi-Def. scanning of the complete cathedral with Z+F scanners in collaboration with Prof. Douglas Pritchard from Heriot-Watt University, Edinburgh. A scientific project supported and documented by students of the 3D Design &amp; Management (3DDM) course. Project management <a href=\"http:\/\/skip-institut.de\/en\/christopher-wickenden\/\">Prof. Chris Wickenden<\/a><\/p>\n\n\n<p><\/p>","protected":false},"excerpt":{"rendered":"<p>Die Projekte sind zum Teil zur F\u00f6rderung der Studierenden aus verschiedenen Studieng\u00e4ngen der Hochschule Fresenius angeregt und realisiert worden. Durch praxisnahe und wissenschaftlich unterst\u00fctzte Methodik erhalten die Teilnehmer sehr gute [&hellip;]<\/p>\n","protected":false},"author":1,"featured_media":0,"parent":0,"menu_order":0,"comment_status":"closed","ping_status":"closed","template":"","meta":{"_eb_attr":"","rop_custom_images_group":[],"rop_custom_messages_group":[],"rop_publish_now":"initial","rop_publish_now_accounts":[],"rop_publish_now_history":[],"rop_publish_now_status":"pending","footnotes":""},"_links":{"self":[{"href":"https:\/\/skip-institut.de\/en\/wp-json\/wp\/v2\/pages\/48725"}],"collection":[{"href":"https:\/\/skip-institut.de\/en\/wp-json\/wp\/v2\/pages"}],"about":[{"href":"https:\/\/skip-institut.de\/en\/wp-json\/wp\/v2\/types\/page"}],"author":[{"embeddable":true,"href":"https:\/\/skip-institut.de\/en\/wp-json\/wp\/v2\/users\/1"}],"replies":[{"embeddable":true,"href":"https:\/\/skip-institut.de\/en\/wp-json\/wp\/v2\/comments?post=48725"}],"version-history":[{"count":51,"href":"https:\/\/skip-institut.de\/en\/wp-json\/wp\/v2\/pages\/48725\/revisions"}],"predecessor-version":[{"id":253988,"href":"https:\/\/skip-institut.de\/en\/wp-json\/wp\/v2\/pages\/48725\/revisions\/253988"}],"wp:attachment":[{"href":"https:\/\/skip-institut.de\/en\/wp-json\/wp\/v2\/media?parent=48725"}],"curies":[{"name":"wp","href":"https:\/\/api.w.org\/{rel}","templated":true}]}}