{"id":48727,"date":"2016-06-25T13:42:00","date_gmt":"2016-06-25T13:42:00","guid":{"rendered":"http:\/\/skip-institut.de\/?page_id=48727"},"modified":"2025-05-18T14:23:41","modified_gmt":"2025-05-18T12:23:41","slug":"visions-and-values","status":"publish","type":"page","link":"https:\/\/skip-institut.de\/en\/visions-and-values","title":{"rendered":"Visions &amp; values"},"content":{"rendered":"<\/p>\n\n\n<div class=\"wp-block-group\"><div class=\"wp-block-group__inner-container is-layout-flow wp-block-group-is-layout-flow\">\n<p><strong>Focus and aims<br \/><\/strong>Mit den praxisorientierten Projekten in den Bachelor- und Master-studieng\u00e4ngen an der Hochschule Fresenius, haben sich reale Kooperationen mit einigen Unternehmen aus der Medien- und Wirtschaftsindustrie entwickelt. Daraus entstand die Motivation, eine Arbeitsgemeinschaft (AG) von Studenten und Experten aus den Reihen der Dozenten und Mentoren zu bilden, die sich vornehmlich mit der experimentellen und praxisnahen Entwicklung von innovativen und kreativen 3D-Darstellungen, App-Entwicklungen, Filmdokumentationen und Inszenierungen, Computer Generated Imaging (CGI),\u00a0 3D-Modellen und Virtual Reality (VR) besch\u00e4ftigt. Ein weiterer wichtiger Faktor ist die KI-gest\u00fctzte und generative Implementierung in aktuellen technischen Anwendungen und Abl\u00e4ufen.<\/p>\n<p><strong>Motivation<br \/><\/strong>Das skip Institut setzt sich vornehmlich mit der m\u00f6glichen und experimentellen Entwicklung von (un)sichtbaren und abstrakten Themen, insbesondere durch die KI-gest\u00fctzten Visualisierungsm\u00f6glichkeiten, auseinander.<\/p>\n<p>F\u00fcr den Menschen sind dies: Die konzeptionelle Entwicklung und Darstellung optimierter Lebensweisen, Umwelt-, Bildungs- und Arbeitsbedingungen.<\/p>\n<p>F\u00fcr die Wirtschaft sind dies: Die Entwicklung und ggf. Umsetzung von Business Modellen und \u00dcberlegungen (z.B. Strategien, L\u00f6sungsans\u00e4tze\u2026) auf Basis einer Entwicklung von Optimierungs-, Interpretations- und Verst\u00e4ndigungswegen.<\/p>\n<p>F\u00fcr die Gesellschaft sind dies: Die Entwicklung und die Darstellung neuartiger Bed\u00fcrfnisse und Lebensr\u00e4ume und der systemische Ansatz von Wirkungszusammenh\u00e4ngen.<\/p>\n<p>For industry, these are: The design and modelling of future products and design innovations.<\/p>\n<p>This special orientation of the Institute in research and teaching at the Department of Business and Media at the Fresenius University of Applied Sciences Cologne, as well as the scientific and technology-oriented exchange with universities, research institutes and other institutions, form the foundation for the constructive linking between teaching and application.<\/p>\n<p><strong>General principles of the institute <\/strong><\/p>\n<p>Use of economic perspectives for management, education and health care, among others.<\/p>\n<p>Independent scientific treatment of economic problems.<\/p>\n<p>Theory-practice transfer by combining scientific competence with many years of practical experience.<\/p>\n<p>Practical relevance of the academic work of research and teaching.<\/p>\n<\/div><\/div>\n\n\n<\/p>","protected":false},"excerpt":{"rendered":"<p>Fokus und ZielsetzungMit den praxisorientierten Projekten in den Bachelor- und Master-studieng\u00e4ngen an der Hochschule Fresenius, haben sich reale Kooperationen mit einigen Unternehmen aus der Medien- und Wirtschaftsindustrie entwickelt. Daraus entstand [&hellip;]<\/p>\n","protected":false},"author":1,"featured_media":0,"parent":0,"menu_order":0,"comment_status":"closed","ping_status":"closed","template":"","meta":{"_eb_attr":"","rop_custom_images_group":[],"rop_custom_messages_group":[],"rop_publish_now":"initial","rop_publish_now_accounts":[],"rop_publish_now_history":[],"rop_publish_now_status":"pending","footnotes":""},"_links":{"self":[{"href":"https:\/\/skip-institut.de\/en\/wp-json\/wp\/v2\/pages\/48727"}],"collection":[{"href":"https:\/\/skip-institut.de\/en\/wp-json\/wp\/v2\/pages"}],"about":[{"href":"https:\/\/skip-institut.de\/en\/wp-json\/wp\/v2\/types\/page"}],"author":[{"embeddable":true,"href":"https:\/\/skip-institut.de\/en\/wp-json\/wp\/v2\/users\/1"}],"replies":[{"embeddable":true,"href":"https:\/\/skip-institut.de\/en\/wp-json\/wp\/v2\/comments?post=48727"}],"version-history":[{"count":41,"href":"https:\/\/skip-institut.de\/en\/wp-json\/wp\/v2\/pages\/48727\/revisions"}],"predecessor-version":[{"id":253976,"href":"https:\/\/skip-institut.de\/en\/wp-json\/wp\/v2\/pages\/48727\/revisions\/253976"}],"wp:attachment":[{"href":"https:\/\/skip-institut.de\/en\/wp-json\/wp\/v2\/media?parent=48727"}],"curies":[{"name":"wp","href":"https:\/\/api.w.org\/{rel}","templated":true}]}}