{"id":48738,"date":"2016-06-25T13:44:16","date_gmt":"2016-06-25T13:44:16","guid":{"rendered":"http:\/\/skip-institut.de\/?page_id=48738"},"modified":"2025-08-05T13:06:45","modified_gmt":"2025-08-05T11:06:45","slug":"team","status":"publish","type":"page","link":"https:\/\/skip-institut.de\/en\/team","title":{"rendered":"Team"},"content":{"rendered":"<p>An expert team of professors and lecturers with extensive experience in practice and research.<\/p>\n\n\n\n<p class=\"translation-block\">Each member has excellent credentials in their own area of expertise and regularly works with students at the university as a mentor or lecturer. Some <a href=\"http:\/\/skip-institut.de\/en\/publikationen\/\" target=\"_self\">publications<\/a> and <a href=\"http:\/\/skip-institut.de\/en\/projekte\/\" target=\"_self\">projects<\/a> are available in the relevant skip Institute sections.<\/p>\n\n\n\n<div class=\"wp-block-group is-horizontal is-content-justification-space-between is-layout-flex wp-container-core-group-is-layout-1 wp-block-group-is-layout-flex\">\n<p class=\"has-text-align-center\"><img loading=\"lazy\" decoding=\"async\" width=\"250\" height=\"302\" class=\"wp-image-253789\" style=\"width: 250px;\" src=\"https:\/\/skip-institut.de\/wp-content\/uploads\/2024\/01\/wickenden_chris_sw_.jpeg\" alt=\"\" srcset=\"https:\/\/skip-institut.de\/wp-content\/uploads\/2024\/01\/wickenden_chris_sw_.jpeg 248w, https:\/\/skip-institut.de\/wp-content\/uploads\/2024\/01\/wickenden_chris_sw_-10x12.jpeg 10w, https:\/\/skip-institut.de\/wp-content\/uploads\/2024\/01\/wickenden_chris_sw_-40x48.jpeg 40w, https:\/\/skip-institut.de\/wp-content\/uploads\/2024\/01\/wickenden_chris_sw_-30x36.jpeg 30w\" sizes=\"(max-width: 250px) 100vw, 250px\" \/><br>Prof. Christopher Wickenden<br><a href=\"http:\/\/skip-institut.de\/en\/christopher-wickenden\/\"><strong>Founder<\/strong><\/a><\/p>\n\n\n\n<p class=\"has-text-align-center\"><img loading=\"lazy\" decoding=\"async\" width=\"250\" height=\"302\" class=\"wp-image-52028 alignnone\" style=\"width: 250px;\" src=\"https:\/\/skip-institut.de\/wp-content\/uploads\/2022\/08\/Menges-PortraitSW-248x300.jpeg\" alt=\"\" srcset=\"https:\/\/skip-institut.de\/wp-content\/uploads\/2022\/08\/Menges-PortraitSW-248x300.jpeg 248w, https:\/\/skip-institut.de\/wp-content\/uploads\/2022\/08\/Menges-PortraitSW-845x1024.jpeg 845w, https:\/\/skip-institut.de\/wp-content\/uploads\/2022\/08\/Menges-PortraitSW-768x930.jpeg 768w, https:\/\/skip-institut.de\/wp-content\/uploads\/2022\/08\/Menges-PortraitSW-1268x1536.jpeg 1268w, https:\/\/skip-institut.de\/wp-content\/uploads\/2022\/08\/Menges-PortraitSW-10x12.jpeg 10w, https:\/\/skip-institut.de\/wp-content\/uploads\/2022\/08\/Menges-PortraitSW-40x48.jpeg 40w, https:\/\/skip-institut.de\/wp-content\/uploads\/2022\/08\/Menges-PortraitSW-30x36.jpeg 30w, https:\/\/skip-institut.de\/wp-content\/uploads\/2022\/08\/Menges-PortraitSW.jpeg 1645w\" sizes=\"(max-width: 250px) 100vw, 250px\" \/><br>Prof. Dr. Achim Menges<br><a href=\"http:\/\/skip-institut.de\/en\/achim-menges\/\"><strong>Founder<\/strong><\/a><\/p>\n\n\n\n<p class=\"has-text-align-center\"><img loading=\"lazy\" decoding=\"async\" width=\"250\" height=\"302\" class=\"wp-image-253786\" style=\"width: 250px;\" src=\"https:\/\/skip-institut.de\/wp-content\/uploads\/2024\/01\/Jo\u0308rn-Allertsw-1.jpeg\" alt=\"\" srcset=\"https:\/\/skip-institut.de\/wp-content\/uploads\/2024\/01\/Jo\u0308rn-Allertsw-1.jpeg 248w, https:\/\/skip-institut.de\/wp-content\/uploads\/2024\/01\/Jo\u0308rn-Allertsw-1-10x12.jpeg 10w, https:\/\/skip-institut.de\/wp-content\/uploads\/2024\/01\/Jo\u0308rn-Allertsw-1-40x48.jpeg 40w, https:\/\/skip-institut.de\/wp-content\/uploads\/2024\/01\/Jo\u0308rn-Allertsw-1-30x36.jpeg 30w\" sizes=\"(max-width: 250px) 100vw, 250px\" \/><br>J\u00f6rn Allert<br><a href=\"http:\/\/skip-institut.de\/en\/jorn-allert-2\/\"><strong>Chairman<\/strong><\/a><\/p>\n\n\n\n<p class=\"has-text-align-center\"><img loading=\"lazy\" decoding=\"async\" width=\"250\" height=\"303\" class=\"wp-image-253787\" style=\"width: 250px;\" src=\"https:\/\/skip-institut.de\/wp-content\/uploads\/2024\/01\/Dr.-Malte-Albrecht_sw.jpg\" alt=\"\" srcset=\"https:\/\/skip-institut.de\/wp-content\/uploads\/2024\/01\/Dr.-Malte-Albrecht_sw.jpg 248w, https:\/\/skip-institut.de\/wp-content\/uploads\/2024\/01\/Dr.-Malte-Albrecht_sw-10x12.jpg 10w, https:\/\/skip-institut.de\/wp-content\/uploads\/2024\/01\/Dr.-Malte-Albrecht_sw-40x48.jpg 40w, https:\/\/skip-institut.de\/wp-content\/uploads\/2024\/01\/Dr.-Malte-Albrecht_sw-30x36.jpg 30w\" sizes=\"(max-width: 250px) 100vw, 250px\" \/><br>Prof. Dr. Malte Albrecht<br><a href=\"http:\/\/skip-institut.de\/en\/malte-albrecht\/\">Scientific Psychology<\/a><\/p>\n\n\n\n<p class=\"has-text-align-center\"><img loading=\"lazy\" decoding=\"async\" width=\"250\" height=\"303\" class=\"wp-image-253772\" style=\"width: 250px;\" src=\"https:\/\/skip-institut.de\/wp-content\/uploads\/2024\/01\/UllaCoester3.jpeg\" alt=\"\" srcset=\"https:\/\/skip-institut.de\/wp-content\/uploads\/2024\/01\/UllaCoester3.jpeg 248w, https:\/\/skip-institut.de\/wp-content\/uploads\/2024\/01\/UllaCoester3-10x12.jpeg 10w, https:\/\/skip-institut.de\/wp-content\/uploads\/2024\/01\/UllaCoester3-40x48.jpeg 40w, https:\/\/skip-institut.de\/wp-content\/uploads\/2024\/01\/UllaCoester3-30x36.jpeg 30w\" sizes=\"(max-width: 250px) 100vw, 250px\" \/><strong><br><\/strong>Ulla Coester<br><a href=\"http:\/\/skip-institut.de\/en\/ulla-coester\/\">techn. journalism<\/a><\/p>\n\n\n\n<p class=\"has-text-align-center\"><img loading=\"lazy\" decoding=\"async\" width=\"250\" height=\"303\" class=\"wp-image-253775\" style=\"width: 250px;\" src=\"https:\/\/skip-institut.de\/wp-content\/uploads\/2024\/01\/mk.jpeg\" alt=\"\" srcset=\"https:\/\/skip-institut.de\/wp-content\/uploads\/2024\/01\/mk.jpeg 248w, https:\/\/skip-institut.de\/wp-content\/uploads\/2024\/01\/mk-10x12.jpeg 10w, https:\/\/skip-institut.de\/wp-content\/uploads\/2024\/01\/mk-40x48.jpeg 40w, https:\/\/skip-institut.de\/wp-content\/uploads\/2024\/01\/mk-30x36.jpeg 30w\" sizes=\"(max-width: 250px) 100vw, 250px\" \/><br>Mario Kelterbaum<br><a href=\"http:\/\/skip-institut.de\/en\/mario-kelterbaum\/\">3D Digital Art<\/a><\/p>\n\n\n\n<p class=\"has-text-align-center\"><img loading=\"lazy\" decoding=\"async\" width=\"250\" height=\"302\" class=\"wp-image-253774\" style=\"width: 250px;\" src=\"https:\/\/skip-institut.de\/wp-content\/uploads\/2024\/01\/\u00a9Buenning_X5P1989_Color.png\" alt=\"\" srcset=\"https:\/\/skip-institut.de\/wp-content\/uploads\/2024\/01\/\u00a9Buenning_X5P1989_Color.png 248w, https:\/\/skip-institut.de\/wp-content\/uploads\/2024\/01\/\u00a9Buenning_X5P1989_Color-10x12.png 10w, https:\/\/skip-institut.de\/wp-content\/uploads\/2024\/01\/\u00a9Buenning_X5P1989_Color-40x48.png 40w, https:\/\/skip-institut.de\/wp-content\/uploads\/2024\/01\/\u00a9Buenning_X5P1989_Color-30x36.png 30w\" sizes=\"(max-width: 250px) 100vw, 250px\" \/><br>Prof. Dr. Markus Ruttig<br><a href=\"http:\/\/skip-institut.de\/en\/markus-ruttig\/\">Media law<\/a><\/p>\n\n\n\n<p class=\"has-text-align-center\"><img loading=\"lazy\" decoding=\"async\" width=\"250\" height=\"303\" class=\"wp-image-253776\" style=\"width: 250px;\" src=\"https:\/\/skip-institut.de\/wp-content\/uploads\/2024\/01\/MB_sw-1.jpeg\" alt=\"\" srcset=\"https:\/\/skip-institut.de\/wp-content\/uploads\/2024\/01\/MB_sw-1.jpeg 248w, https:\/\/skip-institut.de\/wp-content\/uploads\/2024\/01\/MB_sw-1-10x12.jpeg 10w, https:\/\/skip-institut.de\/wp-content\/uploads\/2024\/01\/MB_sw-1-40x48.jpeg 40w, https:\/\/skip-institut.de\/wp-content\/uploads\/2024\/01\/MB_sw-1-30x36.jpeg 30w\" sizes=\"(max-width: 250px) 100vw, 250px\" \/><br>Martin Brammer<br><a href=\"http:\/\/skip-institut.de\/en\/martin-brammer\/\">Animation<\/a><\/p>\n\n\n\n<p class=\"has-text-align-center\"><img loading=\"lazy\" decoding=\"async\" width=\"250\" height=\"303\" class=\"wp-image-253777\" style=\"width: 250px;\" src=\"https:\/\/skip-institut.de\/wp-content\/uploads\/2024\/01\/foto-nr-Kopie-1.jpeg\" alt=\"\" srcset=\"https:\/\/skip-institut.de\/wp-content\/uploads\/2024\/01\/foto-nr-Kopie-1.jpeg 248w, https:\/\/skip-institut.de\/wp-content\/uploads\/2024\/01\/foto-nr-Kopie-1-10x12.jpeg 10w, https:\/\/skip-institut.de\/wp-content\/uploads\/2024\/01\/foto-nr-Kopie-1-40x48.jpeg 40w, https:\/\/skip-institut.de\/wp-content\/uploads\/2024\/01\/foto-nr-Kopie-1-30x36.jpeg 30w\" sizes=\"(max-width: 250px) 100vw, 250px\" \/><br>Niels Reuschel<br><a href=\"http:\/\/skip-institut.de\/en\/niels-reuschel\/\">Eventmanagement<\/a><\/p>\n\n\n\n<p class=\"has-text-align-center\"><img loading=\"lazy\" decoding=\"async\" width=\"250\" height=\"302\" class=\"wp-image-253780\" style=\"width: 250px;\" src=\"https:\/\/skip-institut.de\/wp-content\/uploads\/2024\/01\/Frank.jpeg\" alt=\"\" srcset=\"https:\/\/skip-institut.de\/wp-content\/uploads\/2024\/01\/Frank.jpeg 248w, https:\/\/skip-institut.de\/wp-content\/uploads\/2024\/01\/Frank-10x12.jpeg 10w, https:\/\/skip-institut.de\/wp-content\/uploads\/2024\/01\/Frank-40x48.jpeg 40w, https:\/\/skip-institut.de\/wp-content\/uploads\/2024\/01\/Frank-30x36.jpeg 30w\" sizes=\"(max-width: 250px) 100vw, 250px\" \/><br>Frank Sch\u00f6nhofer<br><a href=\"https:\/\/skip-institut.de\/en\/frank-schoenhofer\/\">Programming<\/a><br><br><img loading=\"lazy\" decoding=\"async\" width=\"250\" height=\"303\" class=\"wp-image-253781\" style=\"width: 250px;\" src=\"https:\/\/skip-institut.de\/wp-content\/uploads\/2024\/01\/JakobOttsw-1.jpeg\" alt=\"\" srcset=\"https:\/\/skip-institut.de\/wp-content\/uploads\/2024\/01\/JakobOttsw-1.jpeg 248w, https:\/\/skip-institut.de\/wp-content\/uploads\/2024\/01\/JakobOttsw-1-10x12.jpeg 10w, https:\/\/skip-institut.de\/wp-content\/uploads\/2024\/01\/JakobOttsw-1-40x48.jpeg 40w, https:\/\/skip-institut.de\/wp-content\/uploads\/2024\/01\/JakobOttsw-1-30x36.jpeg 30w\" sizes=\"(max-width: 250px) 100vw, 250px\" \/><br>Jakob Ott<br><a href=\"https:\/\/skip-institut.de\/en\/jakob-ott\/\">Diplom Engineer<\/a><\/p>\n\n\n\n<p class=\"has-text-align-center\"><img loading=\"lazy\" decoding=\"async\" width=\"250\" height=\"302\" class=\"wp-image-253778\" style=\"width: 250px;\" src=\"https:\/\/skip-institut.de\/wp-content\/uploads\/2024\/01\/vrdip_Terrail.png\" alt=\"\" srcset=\"https:\/\/skip-institut.de\/wp-content\/uploads\/2024\/01\/vrdip_Terrail.png 249w, https:\/\/skip-institut.de\/wp-content\/uploads\/2024\/01\/vrdip_Terrail-10x12.png 10w, https:\/\/skip-institut.de\/wp-content\/uploads\/2024\/01\/vrdip_Terrail-40x48.png 40w, https:\/\/skip-institut.de\/wp-content\/uploads\/2024\/01\/vrdip_Terrail-30x36.png 30w\" sizes=\"(max-width: 250px) 100vw, 250px\" \/><br>Thomas Terrail<br><a href=\"http:\/\/skip-institut.de\/en\/thomas-terrail\/\">Project management<\/a><br><img decoding=\"async\" class=\"alignnone  wp-image-52011\" style=\"width: 162px;\" src=\"https:\/\/skip-institut.de\/wp-content\/uploads\/2021\/11\/Bild_Tillmanns-grey-226x300.jpg\" alt=\"\"><br><img loading=\"lazy\" decoding=\"async\" width=\"250\" height=\"302\" class=\"wp-image-253797\" style=\"width: 250px;\" src=\"https:\/\/skip-institut.de\/wp-content\/uploads\/2024\/01\/S.Seidel-twinC-4.jpeg\" alt=\"\" srcset=\"https:\/\/skip-institut.de\/wp-content\/uploads\/2024\/01\/S.Seidel-twinC-4.jpeg 248w, https:\/\/skip-institut.de\/wp-content\/uploads\/2024\/01\/S.Seidel-twinC-4-10x12.jpeg 10w, https:\/\/skip-institut.de\/wp-content\/uploads\/2024\/01\/S.Seidel-twinC-4-40x48.jpeg 40w, https:\/\/skip-institut.de\/wp-content\/uploads\/2024\/01\/S.Seidel-twinC-4-30x36.jpeg 30w\" sizes=\"(max-width: 250px) 100vw, 250px\" \/><br>Sebastian Seidel<br><a href=\"https:\/\/skip-institut.de\/en\/sebastian-seidel\/\">twinC<\/a><\/p>\n\n\n\n<p class=\"has-text-align-center\"><img loading=\"lazy\" decoding=\"async\" width=\"250\" height=\"312\" class=\"wp-image-253815\" style=\"width: 250px;\" src=\"https:\/\/skip-institut.de\/wp-content\/uploads\/2024\/02\/Stephan_Humer.jpg\" alt=\"\" srcset=\"https:\/\/skip-institut.de\/wp-content\/uploads\/2024\/02\/Stephan_Humer.jpg 235w, https:\/\/skip-institut.de\/wp-content\/uploads\/2024\/02\/Stephan_Humer-10x12.jpg 10w, https:\/\/skip-institut.de\/wp-content\/uploads\/2024\/02\/Stephan_Humer-38x48.jpg 38w, https:\/\/skip-institut.de\/wp-content\/uploads\/2024\/02\/Stephan_Humer-29x36.jpg 29w\" sizes=\"(max-width: 250px) 100vw, 250px\" \/><br>Prof. Dr. Stephan Humer<br><a href=\"https:\/\/skip-institut.de\/en\/?page_id=253817\" data-type=\"page\" data-id=\"253817\"><strong>stellvertret. Vorsitzender<\/strong><\/a><br><br><img loading=\"lazy\" decoding=\"async\" width=\"250\" height=\"300\" class=\"wp-image-253820\" style=\"width: 250px;\" src=\"https:\/\/skip-institut.de\/wp-content\/uploads\/2024\/02\/Rafaela-Kunz.jpg\" alt=\"\" srcset=\"https:\/\/skip-institut.de\/wp-content\/uploads\/2024\/02\/Rafaela-Kunz.jpg 248w, https:\/\/skip-institut.de\/wp-content\/uploads\/2024\/02\/Rafaela-Kunz-10x12.jpg 10w, https:\/\/skip-institut.de\/wp-content\/uploads\/2024\/02\/Rafaela-Kunz-40x48.jpg 40w, https:\/\/skip-institut.de\/wp-content\/uploads\/2024\/02\/Rafaela-Kunz-30x36.jpg 30w\" sizes=\"(max-width: 250px) 100vw, 250px\" \/><br>Prof. Dr. Rafaela Kunz<br><a href=\"https:\/\/skip-institut.de\/en\/?page_id=253822\" data-type=\"page\" data-id=\"253822\"> International Management<br>Technology and Innovation<\/a><\/p>\n\n\n\n<p class=\"has-text-align-center\"><img loading=\"lazy\" decoding=\"async\" width=\"250\" height=\"302\" class=\"wp-image-253848\" style=\"width: 250px;\" src=\"https:\/\/skip-institut.de\/wp-content\/uploads\/2024\/03\/IngoZobel-BW.jpeg\" alt=\"\" srcset=\"https:\/\/skip-institut.de\/wp-content\/uploads\/2024\/03\/IngoZobel-BW.jpeg 248w, https:\/\/skip-institut.de\/wp-content\/uploads\/2024\/03\/IngoZobel-BW-10x12.jpeg 10w, https:\/\/skip-institut.de\/wp-content\/uploads\/2024\/03\/IngoZobel-BW-40x48.jpeg 40w, https:\/\/skip-institut.de\/wp-content\/uploads\/2024\/03\/IngoZobel-BW-30x36.jpeg 30w\" sizes=\"(max-width: 250px) 100vw, 250px\" \/><br>Prof. Dr. Ingo Zobel<br><a href=\"https:\/\/skip-institut.de\/en\/?page_id=253851\" data-type=\"page\" data-id=\"253851\">Psychology<\/a><br><br><img loading=\"lazy\" decoding=\"async\" width=\"250\" height=\"299\" class=\"wp-image-253859\" style=\"width: 250px;\" src=\"https:\/\/skip-institut.de\/wp-content\/uploads\/2024\/03\/Benjamin-Seidel-BW.jpeg\" alt=\"\" srcset=\"https:\/\/skip-institut.de\/wp-content\/uploads\/2024\/03\/Benjamin-Seidel-BW.jpeg 250w, https:\/\/skip-institut.de\/wp-content\/uploads\/2024\/03\/Benjamin-Seidel-BW-10x12.jpeg 10w, https:\/\/skip-institut.de\/wp-content\/uploads\/2024\/03\/Benjamin-Seidel-BW-40x48.jpeg 40w, https:\/\/skip-institut.de\/wp-content\/uploads\/2024\/03\/Benjamin-Seidel-BW-30x36.jpeg 30w\" sizes=\"(max-width: 250px) 100vw, 250px\" \/><br>Benjamin Seidel<br><a href=\"https:\/\/skip-institut.de\/en\/?page_id=253861\" data-type=\"page\" data-id=\"253861\"><strong>Gesch\u00e4ftsf\u00fchrender Vorstand<\/strong><\/a><br><\/p>\n\n\n\n<p class=\"has-text-align-center\"><img loading=\"lazy\" decoding=\"async\" width=\"250\" height=\"302\" class=\"wp-image-253878\" style=\"width: 250px;\" src=\"https:\/\/skip-institut.de\/wp-content\/uploads\/2024\/05\/Bianca.jpg\" alt=\"\" srcset=\"https:\/\/skip-institut.de\/wp-content\/uploads\/2024\/05\/Bianca.jpg 248w, https:\/\/skip-institut.de\/wp-content\/uploads\/2024\/05\/Bianca-10x12.jpg 10w, https:\/\/skip-institut.de\/wp-content\/uploads\/2024\/05\/Bianca-40x48.jpg 40w, https:\/\/skip-institut.de\/wp-content\/uploads\/2024\/05\/Bianca-30x36.jpg 30w\" sizes=\"(max-width: 250px) 100vw, 250px\" \/><br>Prof. Dr. Bianca Ksienzyk-Kreuziger<br><a href=\"https:\/\/skip-institut.de\/en\/?page_id=253887\">Psychology\/Communications<\/a><\/p>\n\n\n\n<p class=\"has-text-align-center\"><img loading=\"lazy\" decoding=\"async\" width=\"250\" height=\"302\" class=\"wp-image-253866\" style=\"width: 250px;\" src=\"https:\/\/skip-institut.de\/wp-content\/uploads\/2024\/03\/Florian-Grey.jpg\" alt=\"\" srcset=\"https:\/\/skip-institut.de\/wp-content\/uploads\/2024\/03\/Florian-Grey.jpg 248w, https:\/\/skip-institut.de\/wp-content\/uploads\/2024\/03\/Florian-Grey-10x12.jpg 10w, https:\/\/skip-institut.de\/wp-content\/uploads\/2024\/03\/Florian-Grey-40x48.jpg 40w, https:\/\/skip-institut.de\/wp-content\/uploads\/2024\/03\/Florian-Grey-30x36.jpg 30w\" sizes=\"(max-width: 250px) 100vw, 250px\" \/><br>Prof. Dr. Karl-Florian Platt<br><a href=\"https:\/\/skip-institut.de\/en\/?page_id=253872\" data-type=\"page\" data-id=\"253872\">Mathematical economics<\/a><\/p>\n\n\n\n<p class=\"has-text-align-center\"><img loading=\"lazy\" decoding=\"async\" width=\"250\" height=\"250\" class=\"wp-image-253929\" style=\"width: 250px;\" src=\"https:\/\/skip-institut.de\/wp-content\/uploads\/2024\/09\/Torsten.png\" alt=\"\" srcset=\"https:\/\/skip-institut.de\/wp-content\/uploads\/2024\/09\/Torsten.png 248w, https:\/\/skip-institut.de\/wp-content\/uploads\/2024\/09\/Torsten-150x150.png 150w, https:\/\/skip-institut.de\/wp-content\/uploads\/2024\/09\/Torsten-12x12.png 12w, https:\/\/skip-institut.de\/wp-content\/uploads\/2024\/09\/Torsten-48x48.png 48w, https:\/\/skip-institut.de\/wp-content\/uploads\/2024\/09\/Torsten-36x36.png 36w\" sizes=\"(max-width: 250px) 100vw, 250px\" \/><br>Thorsten Hansen<br><a href=\"https:\/\/skip-institut.de\/en\/thorsten-hansen\/\" data-type=\"page\" data-id=\"253932\">Diploma in Business Administration<\/a><\/p>\n\n\n\n<p class=\"has-text-align-center\"><img loading=\"lazy\" decoding=\"async\" width=\"250\" height=\"303\" class=\"wp-image-253901\" style=\"width: 250px;\" src=\"https:\/\/skip-institut.de\/wp-content\/uploads\/2024\/06\/Lasse-skipklein-Kopie.jpg\" alt=\"\" srcset=\"https:\/\/skip-institut.de\/wp-content\/uploads\/2024\/06\/Lasse-skipklein-Kopie.jpg 248w, https:\/\/skip-institut.de\/wp-content\/uploads\/2024\/06\/Lasse-skipklein-Kopie-10x12.jpg 10w, https:\/\/skip-institut.de\/wp-content\/uploads\/2024\/06\/Lasse-skipklein-Kopie-40x48.jpg 40w, https:\/\/skip-institut.de\/wp-content\/uploads\/2024\/06\/Lasse-skipklein-Kopie-30x36.jpg 30w\" sizes=\"(max-width: 250px) 100vw, 250px\" \/><br>Lasse Hofmann<br><a href=\"https:\/\/skip-institut.de\/en\/lasse-hofmann\/\" data-type=\"page\" data-id=\"253905\">Strategic Employer Marketing<br>Consulting<\/a><\/p>\n\n\n\n<p class=\"has-text-align-center\"><img loading=\"lazy\" decoding=\"async\" width=\"250\" height=\"302\" class=\"wp-image-253940\" style=\"width: 250px;\" src=\"https:\/\/skip-institut.de\/wp-content\/uploads\/2024\/10\/KimMarie-Bischoff-BW.jpg\" alt=\"\" srcset=\"https:\/\/skip-institut.de\/wp-content\/uploads\/2024\/10\/KimMarie-Bischoff-BW.jpg 248w, https:\/\/skip-institut.de\/wp-content\/uploads\/2024\/10\/KimMarie-Bischoff-BW-10x12.jpg 10w, https:\/\/skip-institut.de\/wp-content\/uploads\/2024\/10\/KimMarie-Bischoff-BW-40x48.jpg 40w, https:\/\/skip-institut.de\/wp-content\/uploads\/2024\/10\/KimMarie-Bischoff-BW-30x36.jpg 30w\" sizes=\"(max-width: 250px) 100vw, 250px\" \/><br>Prof. Dr. Kim Marie Bischoff<br><a href=\"https:\/\/skip-institut.de\/en\/prof-dr-kim-marie-bischoff\/\" data-type=\"page\" data-id=\"253942\">Professorin<br>Gesch\u00e4ftsf\u00fchrerin move gGmbH<\/a><\/p>\n<\/div>","protected":false},"excerpt":{"rendered":"<p>Ein Expertenteam aus Professoren und Dozenten mit umfangreicher Erfahrung in der Praxis und Forschung. Jedes Mitglied verf\u00fcgt \u00fcber hervorragende Referenzen im eigenen Spezialgebiet und arbeitet regelm\u00e4\u00dfig als Mentor oder Dozent [&hellip;]<\/p>\n","protected":false},"author":1,"featured_media":0,"parent":0,"menu_order":0,"comment_status":"closed","ping_status":"closed","template":"","meta":{"_eb_attr":"","rop_custom_images_group":[],"rop_custom_messages_group":[],"rop_publish_now":"initial","rop_publish_now_accounts":[],"rop_publish_now_history":[],"rop_publish_now_status":"pending","footnotes":""},"_links":{"self":[{"href":"https:\/\/skip-institut.de\/en\/wp-json\/wp\/v2\/pages\/48738"}],"collection":[{"href":"https:\/\/skip-institut.de\/en\/wp-json\/wp\/v2\/pages"}],"about":[{"href":"https:\/\/skip-institut.de\/en\/wp-json\/wp\/v2\/types\/page"}],"author":[{"embeddable":true,"href":"https:\/\/skip-institut.de\/en\/wp-json\/wp\/v2\/users\/1"}],"replies":[{"embeddable":true,"href":"https:\/\/skip-institut.de\/en\/wp-json\/wp\/v2\/comments?post=48738"}],"version-history":[{"count":260,"href":"https:\/\/skip-institut.de\/en\/wp-json\/wp\/v2\/pages\/48738\/revisions"}],"predecessor-version":[{"id":253999,"href":"https:\/\/skip-institut.de\/en\/wp-json\/wp\/v2\/pages\/48738\/revisions\/253999"}],"wp:attachment":[{"href":"https:\/\/skip-institut.de\/en\/wp-json\/wp\/v2\/media?parent=48738"}],"curies":[{"name":"wp","href":"https:\/\/api.w.org\/{rel}","templated":true}]}}