{"id":48794,"date":"2016-06-25T14:40:15","date_gmt":"2016-06-25T14:40:15","guid":{"rendered":"http:\/\/skip-institut.de\/?page_id=48794"},"modified":"2024-06-17T21:47:13","modified_gmt":"2024-06-17T19:47:13","slug":"kontakt","status":"publish","type":"page","link":"https:\/\/skip-institut.de\/en\/kontakt","title":{"rendered":"Contact"},"content":{"rendered":"<p class=\"translation-block\">Any <strong>questions<\/strong>?<br>\nStart a <strong>project<\/strong>?<br>\nFinancially <strong>fund<\/strong>?<\/p>\n<p>Headquarters Cologne:<br \/>\nskip. Institute for Applied Digital Visualisation e.V.<br \/>\nan der Hochschule Fresenius<br \/>\nIm Mediapark 4c<br \/>\n50670 K\u00f6ln<br \/>\n+49 (0)171-4793360<\/p>\n<p><em>Ansprechpartner Berlin:<\/em><br \/>\nProf. Dr. Stephan Humer<br \/>\nTel: +49 (0) 157 58064165<br \/>\noder<br \/>\nProf. Dr. Karl-Florian Platt<br \/>\nHochschulen Fresenius GmbH<br \/>\nJ\u00e4gerstra\u00dfe 32 10117 Berlin<\/p>\n<p><a href=\"mailto:mail@skip-institut.de\">mail@skip-institut.de<\/a><\/p>\n<p><strong>Bank account<\/strong><br \/>\n<strong>Sparkasse K\u00f6lnBonn<\/strong><br \/>\n<strong>IBAN: DE283 7050 198 1933 1004 95\u00a0\u00a0\u00a0 BIC: COLSDE33XXX<\/strong><iframe loading=\"lazy\" style=\"border: 0;\" src=\"https:\/\/www.google.com\/maps\/embed?pb=!1m18!1m12!1m3!1d2513.6384498360626!2d6.945147900992641!3d50.948899102324326!2m3!1f0!2f0!3f0!3m2!1i1024!2i768!4f13.1!3m3!1m2!1s0x47bf250a131c3d45%3A0xb29a04a12ef74f71!2sIm+Mediapark+4C%2C+50670+K%C3%B6ln!5e0!3m2!1sde!2sde!4v1517576140812\" width=\"300\" height=\"400\" frameborder=\"0\" allowfullscreen=\"allowfullscreen\"><\/iframe><\/p>","protected":false},"excerpt":{"rendered":"<p>Noch Fragen? Projekt starten? Finanziell f\u00f6rdern? Hauptsitz K\u00f6ln skip. Institut f\u00fcr angewandte digitale Visualisierung e.V. an der Hochschule Fresenius Im Mediapark 4c 50670 K\u00f6ln +49 (0)171-4793360 Ansprechpartner Berlin: Prof. Dr. [&hellip;]<\/p>\n","protected":false},"author":1,"featured_media":0,"parent":0,"menu_order":0,"comment_status":"closed","ping_status":"closed","template":"","meta":{"_eb_attr":"","rop_custom_images_group":[],"rop_custom_messages_group":[],"rop_publish_now":"initial","rop_publish_now_accounts":[],"rop_publish_now_history":[],"rop_publish_now_status":"pending","footnotes":""},"_links":{"self":[{"href":"https:\/\/skip-institut.de\/en\/wp-json\/wp\/v2\/pages\/48794"}],"collection":[{"href":"https:\/\/skip-institut.de\/en\/wp-json\/wp\/v2\/pages"}],"about":[{"href":"https:\/\/skip-institut.de\/en\/wp-json\/wp\/v2\/types\/page"}],"author":[{"embeddable":true,"href":"https:\/\/skip-institut.de\/en\/wp-json\/wp\/v2\/users\/1"}],"replies":[{"embeddable":true,"href":"https:\/\/skip-institut.de\/en\/wp-json\/wp\/v2\/comments?post=48794"}],"version-history":[{"count":22,"href":"https:\/\/skip-institut.de\/en\/wp-json\/wp\/v2\/pages\/48794\/revisions"}],"predecessor-version":[{"id":253922,"href":"https:\/\/skip-institut.de\/en\/wp-json\/wp\/v2\/pages\/48794\/revisions\/253922"}],"wp:attachment":[{"href":"https:\/\/skip-institut.de\/en\/wp-json\/wp\/v2\/media?parent=48794"}],"curies":[{"name":"wp","href":"https:\/\/api.w.org\/{rel}","templated":true}]}}