{"id":52255,"date":"2022-08-01T22:26:15","date_gmt":"2022-08-01T20:26:15","guid":{"rendered":"https:\/\/skip-institut.de\/?page_id=52255"},"modified":"2024-06-17T21:41:17","modified_gmt":"2024-06-17T19:41:17","slug":"jakob-ott","status":"publish","type":"page","link":"https:\/\/skip-institut.de\/en\/jakob-ott","title":{"rendered":"Jakob Ott"},"content":{"rendered":"<p>E-Mail: : ott@skip-institut.de<\/p>\n\n\n\n<p>Graduate engineer in construction and automotive engineering.<\/p>\n\n\n\n<p>Managing Director of GRUW Vorrichtungsbau &amp; Entwicklungstechnik GmbH<\/p>\n\n\n\n<p>1998 \u2013 1999: Project manager for machine elements made of carbon, PTFE and SiC for the following areas:<br>Northern Germany, Scandinavia and Switzerland. (Morganite)<\/p>\n\n\n\n<p>2000 to 2004: Project and development manager for rotating transmission systems for the wind energy sector. (Morgan Rekofa)<\/p>\n\n\n\n<p>2003 to 2015: Senior Product Manager for Asia, (Automotive and Mechanical Applications, Graphite Specialities at SGL Carbon Group)<\/p>\n\n\n\n<p>2015 to YTD: Managing Director and owner of GRUW Vorrichtungsbau &amp; Entwicklungstechnik GmbH<\/p>","protected":false},"excerpt":{"rendered":"<p>E-Mail: : ott@skip-institut.de Diplomingenieur f\u00fcr Konstruktions- und Fahrzeugtechnik. Gesch\u00e4ftsf\u00fchrer der GRUW Vorrichtungsbau &amp; Entwicklungstechnik GmbH 1998 &#8211; 1999: Projektleiter f\u00fcr Maschinenelemente aus Kohlenstoff, PTFE und SiC f\u00fcr die Gebiete:Norddeutschland, Skandinavien [&hellip;]<\/p>\n","protected":false},"author":1,"featured_media":0,"parent":0,"menu_order":0,"comment_status":"closed","ping_status":"closed","template":"","meta":{"_eb_attr":"","rop_custom_images_group":[],"rop_custom_messages_group":[],"rop_publish_now":"initial","rop_publish_now_accounts":[],"rop_publish_now_history":[],"rop_publish_now_status":"pending","footnotes":""},"_links":{"self":[{"href":"https:\/\/skip-institut.de\/en\/wp-json\/wp\/v2\/pages\/52255"}],"collection":[{"href":"https:\/\/skip-institut.de\/en\/wp-json\/wp\/v2\/pages"}],"about":[{"href":"https:\/\/skip-institut.de\/en\/wp-json\/wp\/v2\/types\/page"}],"author":[{"embeddable":true,"href":"https:\/\/skip-institut.de\/en\/wp-json\/wp\/v2\/users\/1"}],"replies":[{"embeddable":true,"href":"https:\/\/skip-institut.de\/en\/wp-json\/wp\/v2\/comments?post=52255"}],"version-history":[{"count":2,"href":"https:\/\/skip-institut.de\/en\/wp-json\/wp\/v2\/pages\/52255\/revisions"}],"predecessor-version":[{"id":253919,"href":"https:\/\/skip-institut.de\/en\/wp-json\/wp\/v2\/pages\/52255\/revisions\/253919"}],"wp:attachment":[{"href":"https:\/\/skip-institut.de\/en\/wp-json\/wp\/v2\/media?parent=52255"}],"curies":[{"name":"wp","href":"https:\/\/api.w.org\/{rel}","templated":true}]}}